{"id":5780,"date":"2025-06-01T10:10:58","date_gmt":"2025-06-01T10:10:58","guid":{"rendered":"http:\/\/localhost\/beyaz_kugu_1\/?page_id=5780"},"modified":"2025-07-21T15:22:57","modified_gmt":"2025-07-21T15:22:57","slug":"ekibimiz","status":"publish","type":"page","link":"https:\/\/beyazkuguanaokulu.k12.tr\/index.php\/ekibimiz\/","title":{"rendered":"Ekibimiz"},"content":{"rendered":"\t\t<div data-elementor-type=\"wp-page\" data-elementor-id=\"5780\" class=\"elementor elementor-5780\">\n\t\t\t\t<div class=\"elementor-element elementor-element-167d3e2 e-flex e-con-boxed e-con e-parent\" data-id=\"167d3e2\" data-element_type=\"container\">\n\t\t\t\t\t<div class=\"e-con-inner\">\n\t\t<div class=\"elementor-element elementor-element-91bf96b e-con-full e-flex e-con e-child\" data-id=\"91bf96b\" data-element_type=\"container\">\n\t\t\t\t<div class=\"elementor-element elementor-element-2048c70 elementor-widget__width-initial elementor-widget elementor-widget-text-editor\" data-id=\"2048c70\" data-element_type=\"widget\" data-widget_type=\"text-editor.default\">\n\t\t\t\t<div class=\"elementor-widget-container\">\n\t\t\t\t\t\t\t\t\t<h2 data-start=\"141\" data-end=\"451\"><strong data-start=\"141\" data-end=\"189\">Birlikte G\u00fc\u00e7l\u00fc, Sevgiyle E\u011fiten Bir Aileyiz!<\/strong><\/h2><p data-start=\"141\" data-end=\"451\"><br data-start=\"189\" data-end=\"192\" \/>Beyaz Ku\u011fu Anaokulu olarak alan\u0131nda uzman, sevgi dolu ve deneyimli \u00f6\u011fretmen kadromuzla \u00e7ocuklar\u0131m\u0131z\u0131n geli\u015fimine y\u00f6n veriyoruz. Her bir \u00f6\u011fretmenimiz, minik kalplere dokunarak onlar\u0131n hayal g\u00fcc\u00fcn\u00fc, \u00f6zg\u00fcvenini ve sosyal becerilerini g\u00fc\u00e7lendirmeyi ama\u00e7l\u0131yor.<\/p><p data-start=\"458\" data-end=\"641\">Biz b\u00fcy\u00fck bir aileyiz ve her \u00e7ocu\u011fumuzu bu ailenin en de\u011ferli par\u00e7as\u0131 olarak g\u00f6r\u00fcyoruz. \u00c7ocuklar\u0131m\u0131z\u0131n g\u00fcvenli, mutlu ve e\u011fitici bir ortamda b\u00fcy\u00fcmesi i\u00e7in t\u00fcm g\u00fcc\u00fcm\u00fczle yanlar\u0131nday\u0131z.<\/p>\t\t\t\t\t\t\t\t<\/div>\n\t\t\t\t<\/div>\n\t\t\t\t<\/div>\n\t\t<div class=\"elementor-element elementor-element-6f6a34c e-con-full e-flex e-con e-child\" data-id=\"6f6a34c\" data-element_type=\"container\">\n\t\t\t\t<div class=\"elementor-element elementor-element-9ac4c3b elementor-widget elementor-widget-image\" data-id=\"9ac4c3b\" data-element_type=\"widget\" data-widget_type=\"image.default\">\n\t\t\t\t<div class=\"elementor-widget-container\">\n\t\t\t\t\t\t\t\t\t\t\t\t\t\t\t<img fetchpriority=\"high\" decoding=\"async\" width=\"751\" height=\"501\" src=\"https:\/\/beyazkuguanaokulu.k12.tr\/wp-content\/uploads\/2025\/07\/ekibimiz-1024x683.jpg\" class=\"attachment-large size-large wp-image-6239\" alt=\"\" srcset=\"https:\/\/beyazkuguanaokulu.k12.tr\/wp-content\/uploads\/2025\/07\/ekibimiz-1024x683.jpg 1024w, https:\/\/beyazkuguanaokulu.k12.tr\/wp-content\/uploads\/2025\/07\/ekibimiz-300x200.jpg 300w, https:\/\/beyazkuguanaokulu.k12.tr\/wp-content\/uploads\/2025\/07\/ekibimiz-768x512.jpg 768w, https:\/\/beyazkuguanaokulu.k12.tr\/wp-content\/uploads\/2025\/07\/ekibimiz-1536x1024.jpg 1536w, https:\/\/beyazkuguanaokulu.k12.tr\/wp-content\/uploads\/2025\/07\/ekibimiz-2048x1365.jpg 2048w\" sizes=\"(max-width: 751px) 100vw, 751px\" \/>\t\t\t\t\t\t\t\t\t\t\t\t\t\t\t<\/div>\n\t\t\t\t<\/div>\n\t\t\t\t<\/div>\n\t\t\t\t\t<\/div>\n\t\t\t\t<\/div>\n\t\t<div class=\"elementor-element elementor-element-110e7f6 e-flex e-con-boxed e-con e-parent\" data-id=\"110e7f6\" data-element_type=\"container\">\n\t\t\t\t\t<div class=\"e-con-inner\">\n\t\t\t\t<div class=\"elementor-element elementor-element-3616bdf elementor-widget elementor-widget-text-editor\" data-id=\"3616bdf\" data-element_type=\"widget\" data-widget_type=\"text-editor.default\">\n\t\t\t\t<div class=\"elementor-widget-container\">\n\t\t\t\t\t\t\t\t\t<h1>\u00d6\u011fretmenlerimiz<\/h1>\t\t\t\t\t\t\t\t<\/div>\n\t\t\t\t<\/div>\n\t\t\t\t\t<\/div>\n\t\t\t\t<\/div>\n\t\t<div class=\"elementor-element elementor-element-6a07e6a e-flex e-con-boxed e-con e-parent\" data-id=\"6a07e6a\" data-element_type=\"container\">\n\t\t\t\t\t<div class=\"e-con-inner\">\n\t\t<div class=\"elementor-element elementor-element-e8b923d e-con-full e-flex e-con e-child\" data-id=\"e8b923d\" data-element_type=\"container\">\n\t\t<div class=\"elementor-element elementor-element-d1a5c38 e-con-full e-flex e-con e-child\" data-id=\"d1a5c38\" data-element_type=\"container\" data-settings=\"{&quot;background_background&quot;:&quot;classic&quot;}\">\n\t\t<div class=\"elementor-element elementor-element-5f18409 e-con-full e-flex e-con e-child\" data-id=\"5f18409\" data-element_type=\"container\">\n\t\t\t\t<div class=\"elementor-element elementor-element-87af71f elementor-widget elementor-widget-kiddinoimagebox\" data-id=\"87af71f\" data-element_type=\"widget\" data-widget_type=\"kiddinoimagebox.default\">\n\t\t\t\t<div class=\"elementor-widget-container\">\n\t\t\t\t\t\t\t<div class=\"img-box7 imagebox-wraper \">\r\n\t\t\t    <div class=\"mega-hover\">\n        <img decoding=\"async\" src=\"https:\/\/beyazkuguanaokulu.k12.tr\/wp-content\/uploads\/2025\/07\/Adsiz-tasarim-14.png\" alt=\"teacher\"  class=\"w-100\" \/>    <\/div>\n\t\t<\/div>\r\n\t\t\t\t\t<\/div>\n\t\t\t\t<\/div>\n\t\t\t\t<\/div>\n\t\t<div class=\"elementor-element elementor-element-980d9a2 e-con-full e-flex e-con e-child\" data-id=\"980d9a2\" data-element_type=\"container\">\n\t\t\t\t<div class=\"elementor-element elementor-element-26fdee9 elementor-widget__width-initial elementor-widget elementor-widget-text-editor\" data-id=\"26fdee9\" data-element_type=\"widget\" data-widget_type=\"text-editor.default\">\n\t\t\t\t<div class=\"elementor-widget-container\">\n\t\t\t\t\t\t\t\t\t<h2>Hande G\u00fcl \u00c7EL\u0130K<\/h2><p>Okul M\u00fcd\u00fcr\u00fc<\/p>\t\t\t\t\t\t\t\t<\/div>\n\t\t\t\t<\/div>\n\t\t\t\t<\/div>\n\t\t\t\t<\/div>\n\t\t\t\t<\/div>\n\t\t<div class=\"elementor-element elementor-element-b81cd87 e-con-full e-flex e-con e-child\" data-id=\"b81cd87\" data-element_type=\"container\">\n\t\t<div class=\"elementor-element elementor-element-ef197a0 e-con-full e-flex e-con e-child\" data-id=\"ef197a0\" data-element_type=\"container\" data-settings=\"{&quot;background_background&quot;:&quot;classic&quot;}\">\n\t\t<div class=\"elementor-element elementor-element-4f74823 e-con-full e-flex e-con e-child\" data-id=\"4f74823\" data-element_type=\"container\">\n\t\t\t\t<div class=\"elementor-element elementor-element-fa1952b elementor-widget elementor-widget-kiddinoimagebox\" data-id=\"fa1952b\" data-element_type=\"widget\" data-widget_type=\"kiddinoimagebox.default\">\n\t\t\t\t<div class=\"elementor-widget-container\">\n\t\t\t\t\t\t\t<div class=\"img-box7 imagebox-wraper \">\r\n\t\t\t    <div class=\"mega-hover\">\n        <img decoding=\"async\" src=\"https:\/\/beyazkuguanaokulu.k12.tr\/wp-content\/uploads\/2025\/07\/Adsiz-tasarim-13.png\" alt=\"teacher\"  class=\"w-100\" \/>    <\/div>\n\t\t<\/div>\r\n\t\t\t\t\t<\/div>\n\t\t\t\t<\/div>\n\t\t\t\t<\/div>\n\t\t<div class=\"elementor-element elementor-element-2c7c8d3 e-con-full e-flex e-con e-child\" data-id=\"2c7c8d3\" data-element_type=\"container\">\n\t\t\t\t<div class=\"elementor-element elementor-element-7402774 elementor-widget__width-initial elementor-widget elementor-widget-text-editor\" data-id=\"7402774\" data-element_type=\"widget\" data-widget_type=\"text-editor.default\">\n\t\t\t\t<div class=\"elementor-widget-container\">\n\t\t\t\t\t\t\t\t\t<h2>Gamze \u00c7AKIR<\/h2><p>Psikolog<\/p>\t\t\t\t\t\t\t\t<\/div>\n\t\t\t\t<\/div>\n\t\t\t\t<\/div>\n\t\t\t\t<\/div>\n\t\t\t\t<\/div>\n\t\t\t\t\t<\/div>\n\t\t\t\t<\/div>\n\t\t<div class=\"elementor-element elementor-element-9b5fe3b e-flex e-con-boxed e-con e-parent\" data-id=\"9b5fe3b\" data-element_type=\"container\">\n\t\t\t\t\t<div class=\"e-con-inner\">\n\t\t<div class=\"elementor-element elementor-element-05a9a72 e-con-full e-flex e-con e-child\" data-id=\"05a9a72\" data-element_type=\"container\">\n\t\t<div class=\"elementor-element elementor-element-cadc5ea e-con-full e-flex e-con e-child\" data-id=\"cadc5ea\" data-element_type=\"container\" data-settings=\"{&quot;background_background&quot;:&quot;classic&quot;}\">\n\t\t<div class=\"elementor-element elementor-element-5051453 e-con-full e-flex e-con e-child\" data-id=\"5051453\" data-element_type=\"container\">\n\t\t\t\t<div class=\"elementor-element elementor-element-0547c13 elementor-widget elementor-widget-kiddinoimagebox\" data-id=\"0547c13\" data-element_type=\"widget\" data-widget_type=\"kiddinoimagebox.default\">\n\t\t\t\t<div class=\"elementor-widget-container\">\n\t\t\t\t\t\t\t<div class=\"img-box7 imagebox-wraper \">\r\n\t\t\t    <div class=\"mega-hover\">\n        <img decoding=\"async\" src=\"https:\/\/beyazkuguanaokulu.k12.tr\/wp-content\/uploads\/2025\/07\/Adsiz-tasarim-16.png\" alt=\"teacher\"  class=\"w-100\" \/>    <\/div>\n\t\t<\/div>\r\n\t\t\t\t\t<\/div>\n\t\t\t\t<\/div>\n\t\t\t\t<\/div>\n\t\t<div class=\"elementor-element elementor-element-1c7bf89 e-con-full e-flex e-con e-child\" data-id=\"1c7bf89\" data-element_type=\"container\">\n\t\t\t\t<div class=\"elementor-element elementor-element-725346d elementor-widget__width-initial elementor-widget elementor-widget-text-editor\" data-id=\"725346d\" data-element_type=\"widget\" data-widget_type=\"text-editor.default\">\n\t\t\t\t<div class=\"elementor-widget-container\">\n\t\t\t\t\t\t\t\t\t<h2>Rabia CULHA<\/h2><p>Okul \u00d6ncesi S\u0131n\u0131f \u00d6\u011fretmeni<\/p>\t\t\t\t\t\t\t\t<\/div>\n\t\t\t\t<\/div>\n\t\t\t\t<\/div>\n\t\t\t\t<\/div>\n\t\t\t\t<\/div>\n\t\t<div class=\"elementor-element elementor-element-322695b e-con-full e-flex e-con e-child\" data-id=\"322695b\" data-element_type=\"container\">\n\t\t<div class=\"elementor-element elementor-element-feac33c e-con-full e-flex e-con e-child\" data-id=\"feac33c\" data-element_type=\"container\" data-settings=\"{&quot;background_background&quot;:&quot;classic&quot;}\">\n\t\t<div class=\"elementor-element elementor-element-81cbf29 e-con-full e-flex e-con e-child\" data-id=\"81cbf29\" data-element_type=\"container\">\n\t\t\t\t<div class=\"elementor-element elementor-element-8f865be elementor-widget elementor-widget-kiddinoimagebox\" data-id=\"8f865be\" data-element_type=\"widget\" data-widget_type=\"kiddinoimagebox.default\">\n\t\t\t\t<div class=\"elementor-widget-container\">\n\t\t\t\t\t\t\t<div class=\"img-box7 imagebox-wraper \">\r\n\t\t\t    <div class=\"mega-hover\">\n        <img decoding=\"async\" src=\"https:\/\/beyazkuguanaokulu.k12.tr\/wp-content\/uploads\/2025\/07\/Adsiz-tasarim-15.png\" alt=\"teacher\"  class=\"w-100\" \/>    <\/div>\n\t\t<\/div>\r\n\t\t\t\t\t<\/div>\n\t\t\t\t<\/div>\n\t\t\t\t<\/div>\n\t\t<div class=\"elementor-element elementor-element-9d432d2 e-con-full e-flex e-con e-child\" data-id=\"9d432d2\" data-element_type=\"container\">\n\t\t\t\t<div class=\"elementor-element elementor-element-7d4d1cd elementor-widget__width-initial elementor-widget elementor-widget-text-editor\" data-id=\"7d4d1cd\" data-element_type=\"widget\" data-widget_type=\"text-editor.default\">\n\t\t\t\t<div class=\"elementor-widget-container\">\n\t\t\t\t\t\t\t\t\t<h2>H\u00fcmeyra YILMAZ<\/h2><p>Okul \u00d6ncesi S\u0131n\u0131f \u00d6\u011fretmeni<\/p>\t\t\t\t\t\t\t\t<\/div>\n\t\t\t\t<\/div>\n\t\t\t\t<\/div>\n\t\t\t\t<\/div>\n\t\t\t\t<\/div>\n\t\t\t\t\t<\/div>\n\t\t\t\t<\/div>\n\t\t<div class=\"elementor-element elementor-element-8d66b8c e-flex e-con-boxed e-con e-parent\" data-id=\"8d66b8c\" data-element_type=\"container\">\n\t\t\t\t\t<div class=\"e-con-inner\">\n\t\t<div class=\"elementor-element elementor-element-7154446 e-con-full e-flex e-con e-child\" data-id=\"7154446\" data-element_type=\"container\">\n\t\t<div class=\"elementor-element elementor-element-096893e e-con-full e-flex e-con e-child\" data-id=\"096893e\" data-element_type=\"container\" data-settings=\"{&quot;background_background&quot;:&quot;classic&quot;}\">\n\t\t<div class=\"elementor-element elementor-element-5d3ee24 e-con-full e-flex e-con e-child\" data-id=\"5d3ee24\" data-element_type=\"container\">\n\t\t\t\t<div class=\"elementor-element elementor-element-686c387 elementor-widget elementor-widget-kiddinoimagebox\" data-id=\"686c387\" data-element_type=\"widget\" data-widget_type=\"kiddinoimagebox.default\">\n\t\t\t\t<div class=\"elementor-widget-container\">\n\t\t\t\t\t\t\t<div class=\"img-box7 imagebox-wraper \">\r\n\t\t\t    <div class=\"mega-hover\">\n        <img decoding=\"async\" src=\"https:\/\/beyazkuguanaokulu.k12.tr\/wp-content\/uploads\/2025\/07\/Adsiz-tasarim-11-2.png\" alt=\"teacher\"  class=\"w-100\" \/>    <\/div>\n\t\t<\/div>\r\n\t\t\t\t\t<\/div>\n\t\t\t\t<\/div>\n\t\t\t\t<\/div>\n\t\t<div class=\"elementor-element elementor-element-ca4f8df e-con-full e-flex e-con e-child\" data-id=\"ca4f8df\" data-element_type=\"container\">\n\t\t\t\t<div class=\"elementor-element elementor-element-c761d2c elementor-widget__width-initial elementor-widget elementor-widget-text-editor\" data-id=\"c761d2c\" data-element_type=\"widget\" data-widget_type=\"text-editor.default\">\n\t\t\t\t<div class=\"elementor-widget-container\">\n\t\t\t\t\t\t\t\t\t<h2>Ay\u015feg\u00fcl Y\u0130\u011e\u0130T<\/h2><p>Okul \u00d6ncesi S\u0131n\u0131f \u00d6\u011fretmeni<\/p>\t\t\t\t\t\t\t\t<\/div>\n\t\t\t\t<\/div>\n\t\t\t\t<\/div>\n\t\t\t\t<\/div>\n\t\t\t\t<\/div>\n\t\t<div class=\"elementor-element elementor-element-29a73c4 e-con-full e-flex e-con e-child\" data-id=\"29a73c4\" data-element_type=\"container\">\n\t\t<div class=\"elementor-element elementor-element-5304577 e-con-full e-flex e-con e-child\" data-id=\"5304577\" data-element_type=\"container\" data-settings=\"{&quot;background_background&quot;:&quot;classic&quot;}\">\n\t\t<div class=\"elementor-element elementor-element-6c7dea2 e-con-full e-flex e-con e-child\" data-id=\"6c7dea2\" data-element_type=\"container\">\n\t\t\t\t<div class=\"elementor-element elementor-element-be3ed10 elementor-widget elementor-widget-kiddinoimagebox\" data-id=\"be3ed10\" data-element_type=\"widget\" data-widget_type=\"kiddinoimagebox.default\">\n\t\t\t\t<div class=\"elementor-widget-container\">\n\t\t\t\t\t\t\t<div class=\"img-box7 imagebox-wraper \">\r\n\t\t\t    <div class=\"mega-hover\">\n        <img decoding=\"async\" src=\"https:\/\/beyazkuguanaokulu.k12.tr\/wp-content\/uploads\/2025\/07\/Adsiz-tasarim-18.png\" alt=\"teacher\"  class=\"w-100\" \/>    <\/div>\n\t\t<\/div>\r\n\t\t\t\t\t<\/div>\n\t\t\t\t<\/div>\n\t\t\t\t<\/div>\n\t\t<div class=\"elementor-element elementor-element-24da4fe e-con-full e-flex e-con e-child\" data-id=\"24da4fe\" data-element_type=\"container\">\n\t\t\t\t<div class=\"elementor-element elementor-element-2d99116 elementor-widget__width-initial elementor-widget elementor-widget-text-editor\" data-id=\"2d99116\" data-element_type=\"widget\" data-widget_type=\"text-editor.default\">\n\t\t\t\t<div class=\"elementor-widget-container\">\n\t\t\t\t\t\t\t\t\t<h2>Yasemin \u00c7AKIR<\/h2><p>Okul \u00d6ncesi S\u0131n\u0131f \u00d6\u011fretmeni<\/p>\t\t\t\t\t\t\t\t<\/div>\n\t\t\t\t<\/div>\n\t\t\t\t<\/div>\n\t\t\t\t<\/div>\n\t\t\t\t<\/div>\n\t\t\t\t\t<\/div>\n\t\t\t\t<\/div>\n\t\t<div class=\"elementor-element elementor-element-838c483 e-flex e-con-boxed e-con e-parent\" data-id=\"838c483\" data-element_type=\"container\">\n\t\t\t\t\t<div class=\"e-con-inner\">\n\t\t<div class=\"elementor-element elementor-element-dbfbdfd e-con-full e-flex e-con e-child\" data-id=\"dbfbdfd\" data-element_type=\"container\">\n\t\t<div class=\"elementor-element elementor-element-b51b61d e-con-full e-flex e-con e-child\" data-id=\"b51b61d\" data-element_type=\"container\" data-settings=\"{&quot;background_background&quot;:&quot;classic&quot;}\">\n\t\t<div class=\"elementor-element elementor-element-9f97c9e e-con-full e-flex e-con e-child\" data-id=\"9f97c9e\" data-element_type=\"container\">\n\t\t\t\t<div class=\"elementor-element elementor-element-6ef4088 elementor-widget elementor-widget-kiddinoimagebox\" data-id=\"6ef4088\" data-element_type=\"widget\" data-widget_type=\"kiddinoimagebox.default\">\n\t\t\t\t<div class=\"elementor-widget-container\">\n\t\t\t\t\t\t\t<div class=\"img-box7 imagebox-wraper \">\r\n\t\t\t    <div class=\"mega-hover\">\n        <img decoding=\"async\" src=\"https:\/\/beyazkuguanaokulu.k12.tr\/wp-content\/uploads\/2025\/07\/Adsiz-tasarim-17.png\" alt=\"teacher\"  class=\"w-100\" \/>    <\/div>\n\t\t<\/div>\r\n\t\t\t\t\t<\/div>\n\t\t\t\t<\/div>\n\t\t\t\t<\/div>\n\t\t<div class=\"elementor-element elementor-element-242efda e-con-full e-flex e-con e-child\" data-id=\"242efda\" data-element_type=\"container\">\n\t\t\t\t<div class=\"elementor-element elementor-element-afb46fc elementor-widget__width-initial elementor-widget-mobile__width-initial elementor-widget elementor-widget-text-editor\" data-id=\"afb46fc\" data-element_type=\"widget\" data-widget_type=\"text-editor.default\">\n\t\t\t\t<div class=\"elementor-widget-container\">\n\t\t\t\t\t\t\t\t\t<h2>Yaren G\u00dcLEN<\/h2><p>Okul \u00d6ncesi S\u0131n\u0131f \u00d6\u011fretmeni<\/p>\t\t\t\t\t\t\t\t<\/div>\n\t\t\t\t<\/div>\n\t\t\t\t<\/div>\n\t\t\t\t<\/div>\n\t\t\t\t<\/div>\n\t\t<div class=\"elementor-element elementor-element-9f6a802 e-con-full e-flex e-con e-child\" data-id=\"9f6a802\" data-element_type=\"container\">\n\t\t<div class=\"elementor-element elementor-element-85e0656 e-con-full e-flex e-con e-child\" data-id=\"85e0656\" data-element_type=\"container\" data-settings=\"{&quot;background_background&quot;:&quot;classic&quot;}\">\n\t\t<div class=\"elementor-element elementor-element-1ab5e80 e-con-full e-flex e-con e-child\" data-id=\"1ab5e80\" data-element_type=\"container\">\n\t\t\t\t<div class=\"elementor-element elementor-element-c6951cb elementor-widget elementor-widget-kiddinoimagebox\" data-id=\"c6951cb\" data-element_type=\"widget\" data-widget_type=\"kiddinoimagebox.default\">\n\t\t\t\t<div class=\"elementor-widget-container\">\n\t\t\t\t\t\t\t<div class=\"img-box7 imagebox-wraper \">\r\n\t\t\t    <div class=\"mega-hover\">\n        <img decoding=\"async\" src=\"https:\/\/beyazkuguanaokulu.k12.tr\/wp-content\/uploads\/2025\/07\/Adsiz-tasarim-12.png\" alt=\"teacher\"  class=\"w-100\" \/>    <\/div>\n\t\t<\/div>\r\n\t\t\t\t\t<\/div>\n\t\t\t\t<\/div>\n\t\t\t\t<\/div>\n\t\t<div class=\"elementor-element elementor-element-35f583d e-con-full e-flex e-con e-child\" data-id=\"35f583d\" data-element_type=\"container\">\n\t\t\t\t<div class=\"elementor-element elementor-element-9e4126d elementor-widget__width-initial elementor-widget-mobile__width-initial elementor-widget elementor-widget-text-editor\" data-id=\"9e4126d\" data-element_type=\"widget\" data-widget_type=\"text-editor.default\">\n\t\t\t\t<div class=\"elementor-widget-container\">\n\t\t\t\t\t\t\t\t\t<h2>Ece Arda CANER<\/h2><p>\u0130ngilizce \u00d6\u011fretmeni<\/p>\t\t\t\t\t\t\t\t<\/div>\n\t\t\t\t<\/div>\n\t\t\t\t<\/div>\n\t\t\t\t<\/div>\n\t\t\t\t<\/div>\n\t\t\t\t\t<\/div>\n\t\t\t\t<\/div>\n\t\t<div class=\"elementor-element elementor-element-efc4ef2 e-flex e-con-boxed e-con e-parent\" data-id=\"efc4ef2\" data-element_type=\"container\">\n\t\t\t\t\t<div class=\"e-con-inner\">\n\t\t<div class=\"elementor-element elementor-element-34aba35 e-con-full e-flex e-con e-child\" data-id=\"34aba35\" data-element_type=\"container\">\n\t\t<div class=\"elementor-element elementor-element-4d9a892 e-con-full e-flex e-con e-child\" data-id=\"4d9a892\" data-element_type=\"container\" data-settings=\"{&quot;background_background&quot;:&quot;classic&quot;}\">\n\t\t<div class=\"elementor-element elementor-element-d4a5735 e-con-full e-flex e-con e-child\" data-id=\"d4a5735\" data-element_type=\"container\">\n\t\t\t\t<div class=\"elementor-element elementor-element-e78222f elementor-widget elementor-widget-kiddinoimagebox\" data-id=\"e78222f\" data-element_type=\"widget\" data-widget_type=\"kiddinoimagebox.default\">\n\t\t\t\t<div class=\"elementor-widget-container\">\n\t\t\t\t\t\t\t<div class=\"img-box7 imagebox-wraper \">\r\n\t\t\t    <div class=\"mega-hover\">\n        <img decoding=\"async\" src=\"https:\/\/beyazkuguanaokulu.k12.tr\/wp-content\/uploads\/2025\/07\/1.png\" alt=\"teacher\"  class=\"w-100\" \/>    <\/div>\n\t\t<\/div>\r\n\t\t\t\t\t<\/div>\n\t\t\t\t<\/div>\n\t\t\t\t<\/div>\n\t\t<div class=\"elementor-element elementor-element-5ae9fed e-con-full e-flex e-con e-child\" data-id=\"5ae9fed\" data-element_type=\"container\">\n\t\t\t\t<div class=\"elementor-element elementor-element-da533cc elementor-widget__width-initial elementor-widget-mobile__width-initial elementor-widget elementor-widget-text-editor\" data-id=\"da533cc\" data-element_type=\"widget\" data-widget_type=\"text-editor.default\">\n\t\t\t\t<div class=\"elementor-widget-container\">\n\t\t\t\t\t\t\t\t\t<h2>Ali MAKAL<\/h2><p>Cimnastik \u00d6\u011fretmeni<\/p>\t\t\t\t\t\t\t\t<\/div>\n\t\t\t\t<\/div>\n\t\t\t\t<\/div>\n\t\t\t\t<\/div>\n\t\t\t\t<\/div>\n\t\t<div class=\"elementor-element elementor-element-fe4ef0f e-con-full e-flex e-con e-child\" data-id=\"fe4ef0f\" data-element_type=\"container\">\n\t\t<div class=\"elementor-element elementor-element-120bcc6 e-con-full e-flex e-con e-child\" data-id=\"120bcc6\" data-element_type=\"container\" data-settings=\"{&quot;background_background&quot;:&quot;classic&quot;}\">\n\t\t<div class=\"elementor-element elementor-element-ff973e2 e-con-full e-flex e-con e-child\" data-id=\"ff973e2\" data-element_type=\"container\">\n\t\t\t\t<div class=\"elementor-element elementor-element-685deb0 elementor-widget elementor-widget-kiddinoimagebox\" data-id=\"685deb0\" data-element_type=\"widget\" data-widget_type=\"kiddinoimagebox.default\">\n\t\t\t\t<div class=\"elementor-widget-container\">\n\t\t\t\t\t\t\t<div class=\"img-box7 imagebox-wraper \">\r\n\t\t\t    <div class=\"mega-hover\">\n        <img decoding=\"async\" src=\"https:\/\/beyazkuguanaokulu.k12.tr\/wp-content\/uploads\/2025\/07\/semaa.png\" alt=\"teacher\"  class=\"w-100\" \/>    <\/div>\n\t\t<\/div>\r\n\t\t\t\t\t<\/div>\n\t\t\t\t<\/div>\n\t\t\t\t<\/div>\n\t\t<div class=\"elementor-element elementor-element-b1fc0c4 e-con-full e-flex e-con e-child\" data-id=\"b1fc0c4\" data-element_type=\"container\">\n\t\t\t\t<div class=\"elementor-element elementor-element-3d3619c elementor-widget__width-initial elementor-widget-mobile__width-initial elementor-widget elementor-widget-text-editor\" data-id=\"3d3619c\" data-element_type=\"widget\" data-widget_type=\"text-editor.default\">\n\t\t\t\t<div class=\"elementor-widget-container\">\n\t\t\t\t\t\t\t\t\t<h2>Sema Nur YAL\u00c7IN<\/h2><p>Satran\u00e7 \u00d6\u011fretmeni<\/p>\t\t\t\t\t\t\t\t<\/div>\n\t\t\t\t<\/div>\n\t\t\t\t<\/div>\n\t\t\t\t<\/div>\n\t\t\t\t<\/div>\n\t\t\t\t\t<\/div>\n\t\t\t\t<\/div>\n\t\t\t\t<\/div>\n\t\t","protected":false},"excerpt":{"rendered":"<p>Birlikte G\u00fc\u00e7l\u00fc, Sevgiyle E\u011fiten Bir Aileyiz! Beyaz Ku\u011fu Anaokulu olarak alan\u0131nda uzman, sevgi dolu ve deneyimli \u00f6\u011fretmen kadromuzla \u00e7ocuklar\u0131m\u0131z\u0131n geli\u015fimine y\u00f6n veriyoruz. Her bir \u00f6\u011fretmenimiz, minik kalplere dokunarak onlar\u0131n hayal g\u00fcc\u00fcn\u00fc, \u00f6zg\u00fcvenini ve sosyal becerilerini g\u00fc\u00e7lendirmeyi ama\u00e7l\u0131yor. Biz b\u00fcy\u00fck bir aileyiz ve her \u00e7ocu\u011fumuzu bu ailenin en de\u011ferli par\u00e7as\u0131 olarak g\u00f6r\u00fcyoruz. \u00c7ocuklar\u0131m\u0131z\u0131n g\u00fcvenli, mutlu ve&#8230;<\/p>\n","protected":false},"author":1,"featured_media":0,"parent":0,"menu_order":0,"comment_status":"closed","ping_status":"closed","template":"","meta":{"footnotes":""},"class_list":["post-5780","page","type-page","status-publish","hentry"],"_links":{"self":[{"href":"https:\/\/beyazkuguanaokulu.k12.tr\/index.php\/wp-json\/wp\/v2\/pages\/5780","targetHints":{"allow":["GET"]}}],"collection":[{"href":"https:\/\/beyazkuguanaokulu.k12.tr\/index.php\/wp-json\/wp\/v2\/pages"}],"about":[{"href":"https:\/\/beyazkuguanaokulu.k12.tr\/index.php\/wp-json\/wp\/v2\/types\/page"}],"author":[{"embeddable":true,"href":"https:\/\/beyazkuguanaokulu.k12.tr\/index.php\/wp-json\/wp\/v2\/users\/1"}],"replies":[{"embeddable":true,"href":"https:\/\/beyazkuguanaokulu.k12.tr\/index.php\/wp-json\/wp\/v2\/comments?post=5780"}],"version-history":[{"count":81,"href":"https:\/\/beyazkuguanaokulu.k12.tr\/index.php\/wp-json\/wp\/v2\/pages\/5780\/revisions"}],"predecessor-version":[{"id":6294,"href":"https:\/\/beyazkuguanaokulu.k12.tr\/index.php\/wp-json\/wp\/v2\/pages\/5780\/revisions\/6294"}],"wp:attachment":[{"href":"https:\/\/beyazkuguanaokulu.k12.tr\/index.php\/wp-json\/wp\/v2\/media?parent=5780"}],"curies":[{"name":"wp","href":"https:\/\/api.w.org\/{rel}","templated":true}]}}