{"id":5718,"date":"2025-05-30T09:33:57","date_gmt":"2025-05-30T09:33:57","guid":{"rendered":"http:\/\/localhost\/beyaz_kugu_1\/?page_id=5718"},"modified":"2025-06-27T08:41:26","modified_gmt":"2025-06-27T08:41:26","slug":"saglik-ve-beslenme","status":"publish","type":"page","link":"https:\/\/beyazkuguanaokulu.k12.tr\/index.php\/saglik-ve-beslenme\/","title":{"rendered":"Sa\u011fl\u0131k ve Beslenme"},"content":{"rendered":"\t\t<div data-elementor-type=\"wp-page\" data-elementor-id=\"5718\" class=\"elementor elementor-5718\">\n\t\t\t\t<div class=\"elementor-element elementor-element-52b7633 e-flex e-con-boxed e-con e-parent\" data-id=\"52b7633\" data-element_type=\"container\">\n\t\t\t\t\t<div class=\"e-con-inner\">\n\t\t<div class=\"elementor-element elementor-element-38c67fb e-con-full e-flex e-con e-child\" data-id=\"38c67fb\" data-element_type=\"container\">\n\t\t\t\t<div class=\"elementor-element elementor-element-5a90d99 elementor-widget elementor-widget-kiddinosectiontitle\" data-id=\"5a90d99\" data-element_type=\"widget\" data-widget_type=\"kiddinosectiontitle.default\">\n\t\t\t\t<div class=\"elementor-widget-container\">\n\t\t\t\t\t<!-- Section Title --><div class=\"title-area\" ><h2 class=\"sec-title title-selector\">Beslenme<\/h2><p class=\"sec-text\">Okulumuzda yemek saatleri, e\u011fitimin ayr\u0131lmaz bir par\u00e7as\u0131 olarak de\u011ferlendirilmekte ve \u00e7ocuklar\u0131m\u0131z\u0131n sa\u011fl\u0131kl\u0131 beslenme al\u0131\u015fkanl\u0131klar\u0131 edinmeleri i\u00e7in s\u00fcrekli desteklenmektedir. Okul mutfa\u011f\u0131m\u0131zda, do\u011fal ve taze \u00fcr\u00fcnlerle haz\u0131rlanan men\u00fcler do\u011frultusunda \u00f6\u011frencilere g\u00fcnde \u00fc\u00e7 \u00f6\u011f\u00fcn yemek sunulmaktad\u0131r.<\/p><\/div><!-- End Section Title -->\t\t\t\t<\/div>\n\t\t\t\t<\/div>\n\t\t\t\t<\/div>\n\t\t<div class=\"elementor-element elementor-element-73800e3 e-con-full e-flex e-con e-child\" data-id=\"73800e3\" data-element_type=\"container\">\n\t\t\t\t<div class=\"elementor-element elementor-element-95631b0 elementor-widget elementor-widget-kiddinoimagebox\" data-id=\"95631b0\" data-element_type=\"widget\" data-widget_type=\"kiddinoimagebox.default\">\n\t\t\t\t<div class=\"elementor-widget-container\">\n\t\t\t\t\t\t\t<div class=\"img-box2 imagebox-wraper \">\r\n\t\t\t    <div class=\"transform-banner\">\n        <img decoding=\"async\" src=\"https:\/\/beyazkuguanaokulu.k12.tr\/wp-content\/uploads\/2025\/06\/50a60a90-4d8b-475d-9874-844b4ce015bb.jpg\" alt=\"about\"  \/>    <\/div>\n<div class=\"vs-circle jump\"><\/div>\t\t<\/div>\r\n\t\t\t\t\t<\/div>\n\t\t\t\t<\/div>\n\t\t\t\t<\/div>\n\t\t<div class=\"elementor-element elementor-element-d47e333 e-con-full e-flex e-con e-child\" data-id=\"d47e333\" data-element_type=\"container\">\n\t\t\t\t<div class=\"elementor-element elementor-element-2abbabe elementor-widget__width-initial elementor-widget elementor-widget-kiddinoimagebox\" data-id=\"2abbabe\" data-element_type=\"widget\" data-widget_type=\"kiddinoimagebox.default\">\n\t\t\t\t<div class=\"elementor-widget-container\">\n\t\t\t\t\t\t\t<div class=\"img-box2 imagebox-wraper \">\r\n\t\t\t    <div class=\"transform-banner\">\n        <img decoding=\"async\" src=\"https:\/\/beyazkuguanaokulu.k12.tr\/wp-content\/uploads\/2025\/06\/c5837953-7da8-4757-a27e-dae589b11213.jpg\" alt=\"about\"  \/>    <\/div>\n<div class=\"vs-circle jump\"><\/div>\t\t<\/div>\r\n\t\t\t\t\t<\/div>\n\t\t\t\t<\/div>\n\t\t\t\t<\/div>\n\t\t<div class=\"elementor-element elementor-element-43af59c e-con-full e-flex e-con e-child\" data-id=\"43af59c\" data-element_type=\"container\">\n\t\t\t\t<div class=\"elementor-element elementor-element-48d7eea elementor-widget elementor-widget-kiddinosectiontitle\" data-id=\"48d7eea\" data-element_type=\"widget\" data-widget_type=\"kiddinosectiontitle.default\">\n\t\t\t\t<div class=\"elementor-widget-container\">\n\t\t\t\t\t<!-- Section Title --><div class=\"title-area\" ><h2 class=\"sec-title title-selector\">Temizlik ve Hijyen<\/h2><p class=\"sec-text\">Temizlik ve hijyen, okulumuzun en \u00f6ncelikli konular\u0131ndan biridir. G\u00fcn i\u00e7erisinde \u00e7ocuklar\u0131m\u0131z\u0131n kulland\u0131\u011f\u0131 t\u00fcm alanlar ve materyaller, belirlenen rutin aral\u0131klarla Sa\u011fl\u0131k Bakanl\u0131\u011f\u0131 onayl\u0131 \u00fcr\u00fcnler kullan\u0131larak titizlikle temizlenmekte ve dezenfekte edilmektedir.<\/p><\/div><!-- End Section Title -->\t\t\t\t<\/div>\n\t\t\t\t<\/div>\n\t\t\t\t<\/div>\n\t\t\t\t\t<\/div>\n\t\t\t\t<\/div>\n\t\t\t\t<\/div>\n\t\t","protected":false},"excerpt":{"rendered":"<p>Beslenme Okulumuzda yemek saatleri, e\u011fitimin ayr\u0131lmaz bir par\u00e7as\u0131 olarak de\u011ferlendirilmekte ve \u00e7ocuklar\u0131m\u0131z\u0131n sa\u011fl\u0131kl\u0131 beslenme al\u0131\u015fkanl\u0131klar\u0131 edinmeleri i\u00e7in s\u00fcrekli desteklenmektedir. Okul mutfa\u011f\u0131m\u0131zda, do\u011fal ve taze \u00fcr\u00fcnlerle haz\u0131rlanan men\u00fcler do\u011frultusunda \u00f6\u011frencilere g\u00fcnde \u00fc\u00e7 \u00f6\u011f\u00fcn yemek sunulmaktad\u0131r. Temizlik ve Hijyen Temizlik ve hijyen, okulumuzun en \u00f6ncelikli konular\u0131ndan biridir. G\u00fcn i\u00e7erisinde \u00e7ocuklar\u0131m\u0131z\u0131n kulland\u0131\u011f\u0131 t\u00fcm alanlar ve materyaller, belirlenen rutin&#8230;<\/p>\n","protected":false},"author":1,"featured_media":0,"parent":0,"menu_order":0,"comment_status":"closed","ping_status":"closed","template":"","meta":{"footnotes":""},"class_list":["post-5718","page","type-page","status-publish","hentry"],"_links":{"self":[{"href":"https:\/\/beyazkuguanaokulu.k12.tr\/index.php\/wp-json\/wp\/v2\/pages\/5718","targetHints":{"allow":["GET"]}}],"collection":[{"href":"https:\/\/beyazkuguanaokulu.k12.tr\/index.php\/wp-json\/wp\/v2\/pages"}],"about":[{"href":"https:\/\/beyazkuguanaokulu.k12.tr\/index.php\/wp-json\/wp\/v2\/types\/page"}],"author":[{"embeddable":true,"href":"https:\/\/beyazkuguanaokulu.k12.tr\/index.php\/wp-json\/wp\/v2\/users\/1"}],"replies":[{"embeddable":true,"href":"https:\/\/beyazkuguanaokulu.k12.tr\/index.php\/wp-json\/wp\/v2\/comments?post=5718"}],"version-history":[{"count":10,"href":"https:\/\/beyazkuguanaokulu.k12.tr\/index.php\/wp-json\/wp\/v2\/pages\/5718\/revisions"}],"predecessor-version":[{"id":6088,"href":"https:\/\/beyazkuguanaokulu.k12.tr\/index.php\/wp-json\/wp\/v2\/pages\/5718\/revisions\/6088"}],"wp:attachment":[{"href":"https:\/\/beyazkuguanaokulu.k12.tr\/index.php\/wp-json\/wp\/v2\/media?parent=5718"}],"curies":[{"name":"wp","href":"https:\/\/api.w.org\/{rel}","templated":true}]}}