{"id":5712,"date":"2025-05-30T09:27:56","date_gmt":"2025-05-30T09:27:56","guid":{"rendered":"http:\/\/localhost\/beyaz_kugu_1\/?page_id=5712"},"modified":"2025-07-18T10:33:44","modified_gmt":"2025-07-18T10:33:44","slug":"noroegitim","status":"publish","type":"page","link":"https:\/\/beyazkuguanaokulu.k12.tr\/index.php\/noroegitim\/","title":{"rendered":"N\u00f6roe\u011fitim"},"content":{"rendered":"\t\t<div data-elementor-type=\"wp-page\" data-elementor-id=\"5712\" class=\"elementor elementor-5712\">\n\t\t\t\t<div class=\"elementor-element elementor-element-c3db1cb e-flex e-con-boxed e-con e-parent\" data-id=\"c3db1cb\" data-element_type=\"container\">\n\t\t\t\t\t<div class=\"e-con-inner\">\n\t\t<div class=\"elementor-element elementor-element-f934b94 e-con-full e-flex e-con e-child\" data-id=\"f934b94\" data-element_type=\"container\">\n\t\t\t\t<div class=\"elementor-element elementor-element-ffc1960 elementor-widget elementor-widget-kiddinosectiontitle\" data-id=\"ffc1960\" data-element_type=\"widget\" data-widget_type=\"kiddinosectiontitle.default\">\n\t\t\t\t<div class=\"elementor-widget-container\">\n\t\t\t\t\t<!-- Section Title --><div class=\"title-area\" ><h2 class=\"sec-title title-selector\">Beyin Temelli \u00d6\u011frenme Yakla\u015f\u0131m\u0131m\u0131z<\/h2><p class=\"sec-text\">Beyaz Ku\u011fu Anaokulu olarak, e\u011fitimi sadece bir s\u00fcre\u00e7 de\u011fil, ayn\u0131 zamanda bilimsel temellere dayal\u0131 bir ke\u015fif alan\u0131 olarak g\u00f6r\u00fcyoruz. N\u00f6robilim ve e\u011fitim bilimlerini birle\u015ftirerek geli\u015ftirdi\u011fimiz n\u00f6roe\u011fitim modeli, \u00f6\u011frencilerimizin beyin geli\u015fimini destekleyen, bilimsel ara\u015ft\u0131rmalara dayal\u0131 bir \u00f6\u011frenme deneyimi sunmaktad\u0131r.<\/p><\/div><!-- End Section Title -->\t\t\t\t<\/div>\n\t\t\t\t<\/div>\n\t\t\t\t<\/div>\n\t\t<div class=\"elementor-element elementor-element-de965bc e-con-full e-flex e-con e-child\" data-id=\"de965bc\" data-element_type=\"container\">\n\t\t\t\t<div class=\"elementor-element elementor-element-7430e06 elementor-widget elementor-widget-kiddinosectiontitle\" data-id=\"7430e06\" data-element_type=\"widget\" data-widget_type=\"kiddinosectiontitle.default\">\n\t\t\t\t<div class=\"elementor-widget-container\">\n\t\t\t\t\t<!-- Section Title --><div class=\"title-area\" ><h2 class=\"sec-title title-selector\">N\u00f6robilim Destekli E\u011fitim Anlay\u0131\u015f\u0131m\u0131z<\/h2><p class=\"sec-text\">Beyin Dostu ve Ekrans\u0131z E\u011fitim: Erken ya\u015fta ekran maruziyetinin dikkat s\u00fcresi, dil geli\u015fimi ve sosyal etkile\u015fim \u00fczerindeki olumsuz etkilerini g\u00f6z \u00f6n\u00fcnde bulundurarak tamamen ekrans\u0131z bir \u00f6\u011frenme ortam\u0131 sunuyoruz. \u00d6\u011frencilerimiz, somut materyaller, duyusal deneyimler ve hareket temelli etkinliklerle \u00f6\u011frenme s\u00fcrecine kat\u0131lmaktad\u0131r.<\/p><\/div><!-- End Section Title -->\t\t\t\t<\/div>\n\t\t\t\t<\/div>\n\t\t\t\t<\/div>\n\t\t<div class=\"elementor-element elementor-element-214d400 e-con-full e-flex e-con e-child\" data-id=\"214d400\" data-element_type=\"container\">\n\t\t\t\t<div class=\"elementor-element elementor-element-fbfe23c elementor-widget elementor-widget-text-editor\" data-id=\"fbfe23c\" data-element_type=\"widget\" data-widget_type=\"text-editor.default\">\n\t\t\t\t<div class=\"elementor-widget-container\">\n\t\t\t\t\t\t\t\t\t<p align=\"center\"><em>&#8220;Beyin en iyi, harekete ge\u00e7ti\u011finde, ke\u015ffetti\u011finde ve oyun oynad\u0131\u011f\u0131nda \u00f6\u011frenir.&#8221;<\/em><\/p><p align=\"center\"><strong>Judy Willis (N\u00f6robilimci ve E\u011fitimci)<\/strong><\/p>\t\t\t\t\t\t\t\t<\/div>\n\t\t\t\t<\/div>\n\t\t\t\t<div class=\"elementor-element elementor-element-0934f81 elementor-widget elementor-widget-spacer\" data-id=\"0934f81\" data-element_type=\"widget\" data-widget_type=\"spacer.default\">\n\t\t\t\t<div class=\"elementor-widget-container\">\n\t\t\t\t\t\t\t<div class=\"elementor-spacer\">\n\t\t\t<div class=\"elementor-spacer-inner\"><\/div>\n\t\t<\/div>\n\t\t\t\t\t\t<\/div>\n\t\t\t\t<\/div>\n\t\t\t\t<\/div>\n\t\t\t\t\t<\/div>\n\t\t\t\t<\/div>\n\t\t<div class=\"elementor-element elementor-element-5c0a47a e-flex e-con-boxed e-con e-parent\" data-id=\"5c0a47a\" data-element_type=\"container\">\n\t\t\t\t\t<div class=\"e-con-inner\">\n\t\t<div class=\"elementor-element elementor-element-a0fe885 e-con-full e-flex e-con e-child\" data-id=\"a0fe885\" data-element_type=\"container\">\n\t\t\t\t<div class=\"elementor-element elementor-element-4184bfd elementor-widget__width-initial elementor-widget elementor-widget-kiddinoimagebox\" data-id=\"4184bfd\" data-element_type=\"widget\" data-widget_type=\"kiddinoimagebox.default\">\n\t\t\t\t<div class=\"elementor-widget-container\">\n\t\t\t\t\t\t\t<div class=\"img-box6 imagebox-wraper \">\r\n\t\t\t    <div class=\"img-1 mega-hover\">\n        <img decoding=\"async\" src=\"https:\/\/beyazkuguanaokulu.k12.tr\/wp-content\/uploads\/2025\/06\/0c423149-4470-4d2e-b4ee-36b4ff253602.jpg\" alt=\"image\"  \/>    <\/div>\n\n    <div class=\"img-2 mega-hover\">\n        <img decoding=\"async\" src=\"https:\/\/beyazkuguanaokulu.k12.tr\/wp-content\/uploads\/2025\/06\/1224637b-868a-4845-8324-35709476ad9b.jpg\" alt=\"image\"  \/>    <\/div>\n\t\t<\/div>\r\n\t\t\t\t\t<\/div>\n\t\t\t\t<\/div>\n\t\t\t\t<\/div>\n\t\t<div class=\"elementor-element elementor-element-a29aa8a e-con-full e-flex e-con e-child\" data-id=\"a29aa8a\" data-element_type=\"container\">\n\t\t\t\t<div class=\"elementor-element elementor-element-f949d59 elementor-widget elementor-widget-text-editor\" data-id=\"f949d59\" data-element_type=\"widget\" data-widget_type=\"text-editor.default\">\n\t\t\t\t<div class=\"elementor-widget-container\">\n\t\t\t\t\t\t\t\t\t<ul style=\"font-weight: 400;\"><li><strong>Duyusal ve Hareket Temelli \u00d6\u011frenme<\/strong>:\u00a0Ara\u015ft\u0131rmalar,\u00a0hareketin ve duyusal deneyimlerin \u00f6\u011frenme s\u00fcrecini h\u0131zland\u0131rd\u0131\u011f\u0131n\u0131\u00a0g\u00f6stermektedir. E\u011fitim program\u0131m\u0131z, \u00f6\u011frencilerin\u00a0dokunarak, deneyerek ve ke\u015ffederek\u00a0\u00f6\u011frenmesini sa\u011flayan aktivitelerle zenginle\u015ftirilmi\u015ftir.<\/li><\/ul>\t\t\t\t\t\t\t\t<\/div>\n\t\t\t\t<\/div>\n\t\t\t\t<div class=\"elementor-element elementor-element-e27a452 elementor-widget elementor-widget-text-editor\" data-id=\"e27a452\" data-element_type=\"widget\" data-widget_type=\"text-editor.default\">\n\t\t\t\t<div class=\"elementor-widget-container\">\n\t\t\t\t\t\t\t\t\t<ul style=\"font-weight: 400;\"><li><strong>Sinirbilim Temelli Dikkat ve Haf\u0131za Geli\u015fimi<\/strong>:\u00a0Oyun temelli \u00f6\u011frenme, m\u00fczik ve ritim kullan\u0131m\u0131, hik\u00e2yele\u015ftirme ve tekrar teknikleriyle\u00a0\u00f6\u011frencilerimizin\u00a0haf\u0131za, odaklanma ve bili\u015fsel esnekliklerini\u00a0geli\u015ftirmekteyiz.<\/li><\/ul>\t\t\t\t\t\t\t\t<\/div>\n\t\t\t\t<\/div>\n\t\t\t\t<div class=\"elementor-element elementor-element-3c49f30 elementor-widget elementor-widget-text-editor\" data-id=\"3c49f30\" data-element_type=\"widget\" data-widget_type=\"text-editor.default\">\n\t\t\t\t<div class=\"elementor-widget-container\">\n\t\t\t\t\t\t\t\t\t<ul style=\"font-weight: 400;\"><li><strong>Duygular\u0131n \u00d6\u011frenmeye Etkisi<\/strong>:\u00a0Duygular\u0131n \u00f6\u011frenme s\u00fcrecini do\u011frudan etkiledi\u011fi bilimsel olarak kan\u0131tlanm\u0131\u015ft\u0131r.\u00a0Pozitif \u00f6\u011frenme ortamlar\u0131, g\u00fcven duygusu ve sosyal ba\u011flar\u00a0\u00f6\u011frencilerimizin\u00a0\u00f6\u011frenmeye olan motivasyonunu art\u0131rmakta, bilgiyi kal\u0131c\u0131 hale getirmektedir.<\/li><\/ul>\t\t\t\t\t\t\t\t<\/div>\n\t\t\t\t<\/div>\n\t\t\t\t<div class=\"elementor-element elementor-element-b246caa elementor-widget elementor-widget-text-editor\" data-id=\"b246caa\" data-element_type=\"widget\" data-widget_type=\"text-editor.default\">\n\t\t\t\t<div class=\"elementor-widget-container\">\n\t\t\t\t\t\t\t\t\t<ul style=\"font-weight: 400;\"><li><strong>Oyun ve Beyin Geli\u015fimi<\/strong>:\u00a0Oyun, yaln\u0131zca e\u011flence arac\u0131 de\u011fil, ayn\u0131 zamanda\u00a0n\u00f6ral ba\u011flant\u0131lar\u0131 g\u00fc\u00e7lendiren ve \u00f6\u011frenmeyi h\u0131zland\u0131ran\u00a0bir s\u00fcre\u00e7tir.\u00a0Serbest oyun saatleri, strateji oyunlar\u0131, grup \u00e7al\u0131\u015fmalar\u0131 ve yarat\u0131c\u0131 drama etkinlikleri\u00a0ile \u00f6\u011frencilerimizin\u00a0bili\u015fsel esneklik ve problem \u00e7\u00f6zme becerileri\u00a0desteklenmektedir.<\/li><\/ul>\t\t\t\t\t\t\t\t<\/div>\n\t\t\t\t<\/div>\n\t\t\t\t<div class=\"elementor-element elementor-element-65c9ba6 elementor-widget elementor-widget-text-editor\" data-id=\"65c9ba6\" data-element_type=\"widget\" data-widget_type=\"text-editor.default\">\n\t\t\t\t<div class=\"elementor-widget-container\">\n\t\t\t\t\t\t\t\t\t<ul style=\"font-weight: 400;\"><li><strong>N\u00f6roplastisite ve Ya\u015fam Boyu \u00d6\u011frenme<\/strong>:\u00a0Beynin ya\u015fam boyu de\u011fi\u015fim ve geli\u015fim kapasitesine sahip oldu\u011fu n\u00f6robilimsel \u00e7al\u0131\u015fmalarla kan\u0131tlanm\u0131\u015ft\u0131r.\u00a0Bu do\u011frultuda e\u011fitim anlay\u0131\u015f\u0131m\u0131z, \u00f6\u011frencilerimizin beyin esnekli\u011fini art\u0131ran, merak ve ke\u015fif duygular\u0131n\u0131 besleyen bir yap\u0131ya sahiptir.<\/li><\/ul>\t\t\t\t\t\t\t\t<\/div>\n\t\t\t\t<\/div>\n\t\t\t\t<\/div>\n\t\t\t\t\t<\/div>\n\t\t\t\t<\/div>\n\t\t\t\t<\/div>\n\t\t","protected":false},"excerpt":{"rendered":"<p>Beyin Temelli \u00d6\u011frenme Yakla\u015f\u0131m\u0131m\u0131z Beyaz Ku\u011fu Anaokulu olarak, e\u011fitimi sadece bir s\u00fcre\u00e7 de\u011fil, ayn\u0131 zamanda bilimsel temellere dayal\u0131 bir ke\u015fif alan\u0131 olarak g\u00f6r\u00fcyoruz. N\u00f6robilim ve e\u011fitim bilimlerini birle\u015ftirerek geli\u015ftirdi\u011fimiz n\u00f6roe\u011fitim modeli, \u00f6\u011frencilerimizin beyin geli\u015fimini destekleyen, bilimsel ara\u015ft\u0131rmalara dayal\u0131 bir \u00f6\u011frenme deneyimi sunmaktad\u0131r. N\u00f6robilim Destekli E\u011fitim Anlay\u0131\u015f\u0131m\u0131z Beyin Dostu ve Ekrans\u0131z E\u011fitim: Erken ya\u015fta ekran maruziyetinin&#8230;<\/p>\n","protected":false},"author":1,"featured_media":0,"parent":0,"menu_order":0,"comment_status":"closed","ping_status":"closed","template":"","meta":{"footnotes":""},"class_list":["post-5712","page","type-page","status-publish","hentry"],"_links":{"self":[{"href":"https:\/\/beyazkuguanaokulu.k12.tr\/index.php\/wp-json\/wp\/v2\/pages\/5712","targetHints":{"allow":["GET"]}}],"collection":[{"href":"https:\/\/beyazkuguanaokulu.k12.tr\/index.php\/wp-json\/wp\/v2\/pages"}],"about":[{"href":"https:\/\/beyazkuguanaokulu.k12.tr\/index.php\/wp-json\/wp\/v2\/types\/page"}],"author":[{"embeddable":true,"href":"https:\/\/beyazkuguanaokulu.k12.tr\/index.php\/wp-json\/wp\/v2\/users\/1"}],"replies":[{"embeddable":true,"href":"https:\/\/beyazkuguanaokulu.k12.tr\/index.php\/wp-json\/wp\/v2\/comments?post=5712"}],"version-history":[{"count":14,"href":"https:\/\/beyazkuguanaokulu.k12.tr\/index.php\/wp-json\/wp\/v2\/pages\/5712\/revisions"}],"predecessor-version":[{"id":6208,"href":"https:\/\/beyazkuguanaokulu.k12.tr\/index.php\/wp-json\/wp\/v2\/pages\/5712\/revisions\/6208"}],"wp:attachment":[{"href":"https:\/\/beyazkuguanaokulu.k12.tr\/index.php\/wp-json\/wp\/v2\/media?parent=5712"}],"curies":[{"name":"wp","href":"https:\/\/api.w.org\/{rel}","templated":true}]}}