{"id":5691,"date":"2025-05-30T08:57:57","date_gmt":"2025-05-30T08:57:57","guid":{"rendered":"http:\/\/localhost\/beyaz_kugu_1\/?page_id=5691"},"modified":"2025-07-14T07:19:41","modified_gmt":"2025-07-14T07:19:41","slug":"brans-dersleri","status":"publish","type":"page","link":"https:\/\/beyazkuguanaokulu.k12.tr\/index.php\/brans-dersleri\/","title":{"rendered":"Bran\u015f Dersleri"},"content":{"rendered":"\t\t<div data-elementor-type=\"wp-page\" data-elementor-id=\"5691\" class=\"elementor elementor-5691\">\n\t\t\t\t<div class=\"elementor-element elementor-element-f503f32 e-flex e-con-boxed e-con e-parent\" data-id=\"f503f32\" data-element_type=\"container\">\n\t\t\t\t\t<div class=\"e-con-inner\">\n\t\t\t\t<div class=\"elementor-element elementor-element-15e04b5 elementor-widget__width-initial elementor-widget-mobile__width-initial elementor-widget elementor-widget-text-editor\" data-id=\"15e04b5\" data-element_type=\"widget\" data-widget_type=\"text-editor.default\">\n\t\t\t\t<div class=\"elementor-widget-container\">\n\t\t\t\t\t\t\t\t\t<h2>Bran\u015f Derslerimiz<\/h2><p>\u00d6\u011frencilerimizin \u00e7ok y\u00f6nl\u00fc geli\u015fimini desteklemek amac\u0131yla bran\u015f derslerimiz, alan\u0131nda uzman e\u011fitmenler taraf\u0131ndan y\u00fcr\u00fct\u00fclmektedir. Kodlama, satran\u00e7, jimnastik ve sanat dersleri, \u00f6\u011frencilerimizin bili\u015fsel, motor ve duygusal geli\u015fimlerini destekleyecek \u015fekilde \u00f6zenle planlanm\u0131\u015ft\u0131r.<\/p>\t\t\t\t\t\t\t\t<\/div>\n\t\t\t\t<\/div>\n\t\t\t\t<div class=\"elementor-element elementor-element-c3357fa elementor-widget__width-initial elementor-widget-mobile__width-initial elementor-widget elementor-widget-kiddinoimagebox\" data-id=\"c3357fa\" data-element_type=\"widget\" data-widget_type=\"kiddinoimagebox.default\">\n\t\t\t\t<div class=\"elementor-widget-container\">\n\t\t\t\t\t\t\t<div class=\"img-box4 imagebox-wraper \">\r\n\t\t\t    <div class=\"img-1 mega-hover\">\n        <img decoding=\"async\" src=\"https:\/\/beyazkuguanaokulu.k12.tr\/wp-content\/uploads\/2025\/07\/image00102-1-1.jpg\" alt=\"about\"  \/>            <\/div>\n\t\t<\/div>\r\n\t\t\t\t\t<\/div>\n\t\t\t\t<\/div>\n\t\t\t\t\t<\/div>\n\t\t\t\t<\/div>\n\t\t<div class=\"elementor-element elementor-element-ed2977b e-flex e-con-boxed e-con e-parent\" data-id=\"ed2977b\" data-element_type=\"container\">\n\t\t\t\t\t<div class=\"e-con-inner\">\n\t\t<div class=\"elementor-element elementor-element-7780ec5 e-con-full e-flex e-con e-child\" data-id=\"7780ec5\" data-element_type=\"container\">\n\t\t\t\t<div class=\"elementor-element elementor-element-bc36825 elementor-widget elementor-widget-text-editor\" data-id=\"bc36825\" data-element_type=\"widget\" data-widget_type=\"text-editor.default\">\n\t\t\t\t<div class=\"elementor-widget-container\">\n\t\t\t\t\t\t\t\t\t<h2>\u00c7ocuklar\u0131m\u0131z\u0131n Zihinsel, Fiziksel ve Yarat\u0131c\u0131 Potansiyellerini Geli\u015ftiren Temel Kazan\u0131mlar<\/h2>\t\t\t\t\t\t\t\t<\/div>\n\t\t\t\t<\/div>\n\t\t\t\t<div class=\"elementor-element elementor-element-707c4f7 elementor-widget__width-initial elementor-widget-mobile__width-initial elementor-widget elementor-widget-kiddinochecklist\" data-id=\"707c4f7\" data-element_type=\"widget\" data-widget_type=\"kiddinochecklist.default\">\n\t\t\t\t<div class=\"elementor-widget-container\">\n\t\t\t\t\t            <div class=\"row justify-content-center justify-content-xl-start \">\n\t\t\t\t<div class=\"col-auto\">\n\t\t\t\t\t<div class=\"list-style1\">\n\t\t\t\t\t\t<ul class=\"list-unstyled\">\n\t\t\t\t\t\t\t\t\t\t\t\t\t\t\t<li>Kodlama dersi, algoritmik d\u00fc\u015f\u00fcnme, problem \u00e7\u00f6zme ve dijital okuryazarl\u0131k becerilerini geli\u015ftirmeye y\u00f6nelik olup, \u00f6\u011frencilerimizin teknolojiyle bilin\u00e7li ve \u00fcretken bir \u015fekilde etkile\u015fim kurmas\u0131n\u0131 sa\u011flamaktad\u0131r.<\/li>\n\t\t\t\t\t\t\t\t\t\t\t\t\t\t\t<li>Satran\u00e7, stratejik d\u00fc\u015f\u00fcnme, odaklanma ve mant\u0131ksal ak\u0131l y\u00fcr\u00fctme becerilerini g\u00fc\u00e7lendirerek \u00f6\u011frencilerimize analitik d\u00fc\u015f\u00fcnme al\u0131\u015fkanl\u0131\u011f\u0131 kazand\u0131rmaktad\u0131r.<\/li>\n\t\t\t\t\t\t\t\t\t\t\t\t\t\t\t<li>Jimnastik, \u00f6\u011frencilerimizin denge, esneklik ve koordinasyon becerilerini geli\u015ftirmekle birlikte, bedensel fark\u0131ndal\u0131klar\u0131n\u0131 art\u0131rarak sa\u011fl\u0131kl\u0131 bir ya\u015fam tarz\u0131 benimsemelerine katk\u0131 sunmaktad\u0131r.<\/li>\n\t\t\t\t\t\t\t\t\t\t\t\t\t\t\t<li>Sanat etkinlikleri, \u00f6\u011frencilerimizin yarat\u0131c\u0131l\u0131klar\u0131n\u0131 ve duygusal ifade becerilerini destekleyerek, \u00f6zg\u00fcn d\u00fc\u015f\u00fcnme yetilerini geli\u015ftirmektedir.<\/li>\n\t\t\t\t\t\t\t\t\t\t\t\t\t<\/ul>\n\t\t\t\t\t<\/div>\n\t\t\t\t<\/div>\n            <\/div>\n        \t\t\t\t<\/div>\n\t\t\t\t<\/div>\n\t\t\t\t<div class=\"elementor-element elementor-element-ac39533 elementor-widget__width-initial elementor-widget elementor-widget-text-editor\" data-id=\"ac39533\" data-element_type=\"widget\" data-widget_type=\"text-editor.default\">\n\t\t\t\t<div class=\"elementor-widget-container\">\n\t\t\t\t\t\t\t\t\t<p>\u00a0 \u00a0 G\u00fcnl\u00fck program\u0131m\u0131z, \u00f6\u011frencilerimizin ke\u015ffetme, \u00fcretme ve aktif \u00f6\u011frenme s\u00fcre\u00e7lerine kat\u0131l\u0131m\u0131n\u0131 te\u015fvik edecek \u015fekilde tasarlanm\u0131\u015f olup, sanat ve bilim etkinlikleriyle hayal g\u00fc\u00e7lerini zenginle\u015ftirmekte, problem \u00e7\u00f6zme becerilerini geli\u015ftirmelerine olanak tan\u0131maktad\u0131r.<\/p>\t\t\t\t\t\t\t\t<\/div>\n\t\t\t\t<\/div>\n\t\t\t\t<\/div>\n\t\t<div class=\"elementor-element elementor-element-d2f0f09 e-con-full e-flex e-con e-child\" data-id=\"d2f0f09\" data-element_type=\"container\">\n\t\t\t\t<div class=\"elementor-element elementor-element-00df5bb elementor-widget__width-initial elementor-widget-mobile__width-initial elementor-widget elementor-widget-kiddinoimagebox\" data-id=\"00df5bb\" data-element_type=\"widget\" data-widget_type=\"kiddinoimagebox.default\">\n\t\t\t\t<div class=\"elementor-widget-container\">\n\t\t\t\t\t\t\t<div class=\"img-box4 imagebox-wraper \">\r\n\t\t\t    <div class=\"img-1 mega-hover\">\n        <img decoding=\"async\" src=\"https:\/\/beyazkuguanaokulu.k12.tr\/wp-content\/uploads\/2025\/06\/NO\u0308RO-EG\u0306RI\u0307I\u0307MLKJ-1.jpg\" alt=\"about\"  \/>            <\/div>\n\t\t<\/div>\r\n\t\t\t\t\t<\/div>\n\t\t\t\t<\/div>\n\t\t\t\t<\/div>\n\t\t\t\t\t<\/div>\n\t\t\t\t<\/div>\n\t\t<div class=\"elementor-element elementor-element-88d6952 e-flex e-con-boxed e-con e-parent\" data-id=\"88d6952\" data-element_type=\"container\">\n\t\t\t\t\t<div class=\"e-con-inner\">\n\t\t\t\t<div class=\"elementor-element elementor-element-7461167 elementor-widget__width-initial elementor-widget elementor-widget-text-editor\" data-id=\"7461167\" data-element_type=\"widget\" data-widget_type=\"text-editor.default\">\n\t\t\t\t<div class=\"elementor-widget-container\">\n\t\t\t\t\t\t\t\t\t<h4 style=\"font-weight: 400;\">&#8220;Ba\u011f\u0131ms\u0131zl\u0131k, \u00e7ocukluk \u00e7a\u011f\u0131nda kazan\u0131lmas\u0131 gereken en \u00f6nemli \u015feydir. Bunu ba\u015faran \u00e7ocuk, hayat\u0131 boyunca kendi ayaklar\u0131 \u00fczerinde duracakt\u0131r.&#8221;<\/h4><p style=\"font-weight: 400;\"><strong>-Maria Montessori<\/strong><\/p>\t\t\t\t\t\t\t\t<\/div>\n\t\t\t\t<\/div>\n\t\t\t\t\t<\/div>\n\t\t\t\t<\/div>\n\t\t\t\t<\/div>\n\t\t","protected":false},"excerpt":{"rendered":"<p>Bran\u015f Derslerimiz \u00d6\u011frencilerimizin \u00e7ok y\u00f6nl\u00fc geli\u015fimini desteklemek amac\u0131yla bran\u015f derslerimiz, alan\u0131nda uzman e\u011fitmenler taraf\u0131ndan y\u00fcr\u00fct\u00fclmektedir. Kodlama, satran\u00e7, jimnastik ve sanat dersleri, \u00f6\u011frencilerimizin bili\u015fsel, motor ve duygusal geli\u015fimlerini destekleyecek \u015fekilde \u00f6zenle planlanm\u0131\u015ft\u0131r. \u00c7ocuklar\u0131m\u0131z\u0131n Zihinsel, Fiziksel ve Yarat\u0131c\u0131 Potansiyellerini Geli\u015ftiren Temel Kazan\u0131mlar Kodlama dersi, algoritmik d\u00fc\u015f\u00fcnme, problem \u00e7\u00f6zme ve dijital okuryazarl\u0131k becerilerini geli\u015ftirmeye y\u00f6nelik olup, \u00f6\u011frencilerimizin teknolojiyle&#8230;<\/p>\n","protected":false},"author":1,"featured_media":0,"parent":0,"menu_order":0,"comment_status":"closed","ping_status":"closed","template":"","meta":{"footnotes":""},"class_list":["post-5691","page","type-page","status-publish","hentry"],"_links":{"self":[{"href":"https:\/\/beyazkuguanaokulu.k12.tr\/index.php\/wp-json\/wp\/v2\/pages\/5691","targetHints":{"allow":["GET"]}}],"collection":[{"href":"https:\/\/beyazkuguanaokulu.k12.tr\/index.php\/wp-json\/wp\/v2\/pages"}],"about":[{"href":"https:\/\/beyazkuguanaokulu.k12.tr\/index.php\/wp-json\/wp\/v2\/types\/page"}],"author":[{"embeddable":true,"href":"https:\/\/beyazkuguanaokulu.k12.tr\/index.php\/wp-json\/wp\/v2\/users\/1"}],"replies":[{"embeddable":true,"href":"https:\/\/beyazkuguanaokulu.k12.tr\/index.php\/wp-json\/wp\/v2\/comments?post=5691"}],"version-history":[{"count":25,"href":"https:\/\/beyazkuguanaokulu.k12.tr\/index.php\/wp-json\/wp\/v2\/pages\/5691\/revisions"}],"predecessor-version":[{"id":6147,"href":"https:\/\/beyazkuguanaokulu.k12.tr\/index.php\/wp-json\/wp\/v2\/pages\/5691\/revisions\/6147"}],"wp:attachment":[{"href":"https:\/\/beyazkuguanaokulu.k12.tr\/index.php\/wp-json\/wp\/v2\/media?parent=5691"}],"curies":[{"name":"wp","href":"https:\/\/api.w.org\/{rel}","templated":true}]}}