{"id":5686,"date":"2025-05-30T08:42:04","date_gmt":"2025-05-30T08:42:04","guid":{"rendered":"http:\/\/localhost\/beyaz_kugu_1\/?page_id=5686"},"modified":"2025-06-05T09:19:50","modified_gmt":"2025-06-05T09:19:50","slug":"yabanci-dil","status":"publish","type":"page","link":"https:\/\/beyazkuguanaokulu.k12.tr\/index.php\/yabanci-dil\/","title":{"rendered":"Yabanc\u0131 Dil"},"content":{"rendered":"\t\t<div data-elementor-type=\"wp-page\" data-elementor-id=\"5686\" class=\"elementor elementor-5686\">\n\t\t\t\t<div class=\"elementor-element elementor-element-5f35ce0 e-flex e-con-boxed e-con e-parent\" data-id=\"5f35ce0\" data-element_type=\"container\">\n\t\t\t\t\t<div class=\"e-con-inner\">\n\t\t<div class=\"elementor-element elementor-element-da99c6e e-con-full e-flex e-con e-child\" data-id=\"da99c6e\" data-element_type=\"container\">\n\t\t\t\t<div class=\"elementor-element elementor-element-172e373 elementor-widget elementor-widget-kiddinosectiontitle\" data-id=\"172e373\" data-element_type=\"widget\" data-widget_type=\"kiddinosectiontitle.default\">\n\t\t\t\t<div class=\"elementor-widget-container\">\n\t\t\t\t\t<!-- Section Title --><div class=\"title-area\" ><h2 class=\"sec-title title-selector\">Her G\u00fcn, Her An \u0130ngilizceyle \u0130\u00e7 \u0130\u00e7e<\/h2><p class=\"sec-text\">Okulumuzda \u0130ngilizce e\u011fitimi, \u00f6\u011frencilerimizin erken ya\u015fta do\u011fal bir \u00f6\u011frenme s\u00fcreciyle dil becerilerini geli\u015ftirmelerini sa\u011flamak amac\u0131yla her g\u00fcn aktif olarak uygulanmaktad\u0131r. Dil e\u011fitimi, yaln\u0131zca akademik kazan\u0131mlara y\u00f6nelik de\u011fil, ayn\u0131 zamanda \u00f6\u011frencilerimizin ileti\u015fim becerilerini g\u00fc\u00e7lendiren, g\u00fcnl\u00fck ya\u015fant\u0131ya entegre edilen etkile\u015fimli ve e\u011flenceli bir s\u00fcre\u00e7 olarak ele al\u0131nmaktad\u0131r.<\/p><\/div><!-- End Section Title -->\t\t\t\t<\/div>\n\t\t\t\t<\/div>\n\t\t\t\t<\/div>\n\t\t<div class=\"elementor-element elementor-element-643bd3c e-con-full e-flex e-con e-child\" data-id=\"643bd3c\" data-element_type=\"container\">\n\t\t\t\t<div class=\"elementor-element elementor-element-718481f elementor-widget elementor-widget-kiddinosectiontitle\" data-id=\"718481f\" data-element_type=\"widget\" data-widget_type=\"kiddinosectiontitle.default\">\n\t\t\t\t<div class=\"elementor-widget-container\">\n\t\t\t\t\t<!-- Section Title --><div class=\"title-area\" ><h2 class=\"sec-title title-selector\">\u0130ngilizceyi Ke\u015ffederken G\u00fc\u00e7lenen Beceriler<\/h2><p class=\"sec-text\">Oyun temelli \u00f6\u011frenme, \u015fark\u0131lar, hik\u00e2ye anlat\u0131m\u0131, drama ve sanat etkinlikleri gibi y\u00f6ntemlerle \u0130ngilizceyi do\u011fal bir ortamda \u00f6\u011frenen \u00f6\u011frencilerimiz, dili ke\u015ffederken \u00f6zg\u00fcven kazanmaktad\u0131r. Beyin temelli \u00f6\u011frenme yakla\u015f\u0131mlar\u0131na uygun olarak tasarlanan program\u0131m\u0131z, \u00f6\u011frencilerimizin dinleme, konu\u015fma, anlama ve ileti\u015fim kurma becerilerini ya\u015flar\u0131na uygun olarak geli\u015ftirmeye odaklanmaktad\u0131r.<\/p><\/div><!-- End Section Title -->\t\t\t\t<\/div>\n\t\t\t\t<\/div>\n\t\t\t\t<\/div>\n\t\t\t\t\t<\/div>\n\t\t\t\t<\/div>\n\t\t<div class=\"elementor-element elementor-element-1c6fe5e e-flex e-con-boxed e-con e-parent\" data-id=\"1c6fe5e\" data-element_type=\"container\">\n\t\t\t\t\t<div class=\"e-con-inner\">\n\t\t<div class=\"elementor-element elementor-element-ea3de72 e-con-full e-flex e-con e-child\" data-id=\"ea3de72\" data-element_type=\"container\">\n\t\t\t\t<div class=\"elementor-element elementor-element-86d8856 elementor-widget elementor-widget-kiddinomasonrygallery\" data-id=\"86d8856\" data-element_type=\"widget\" data-settings=\"{&quot;per_line&quot;:&quot;3&quot;,&quot;per_line_tablet&quot;:&quot;6&quot;,&quot;per_line_mobile&quot;:&quot;12&quot;,&quot;gride_gap&quot;:&quot;gx-40&quot;}\" data-widget_type=\"kiddinomasonrygallery.default\">\n\t\t\t\t<div class=\"elementor-widget-container\">\n\t\t\t\t\t\t\t<div class=\"row gallery-carousel gx-40\" data-slide-to-show=\"3\" data-slider-speed=\"3000\" data-slick-autoplay=\"true\">\n\t\t\t\t\t\t\t<div  class=\"col-xl-3 col-md-6 col-sm-12 filter-item\">\n\t\t\t\t\t\t\t\t\t\t\t<div class=\"gallery-style1 \">\n            <div class=\"gallery-img\">\n            <img decoding=\"async\" src=\"https:\/\/beyazkuguanaokulu.k12.tr\/wp-content\/uploads\/2025\/05\/a5462325-50e9-474a-8e8f-aced0cd89abd.jpg\" alt=\"gallery\"  \/>            <a href=\"https:\/\/beyazkuguanaokulu.k12.tr\/wp-content\/uploads\/2025\/05\/a5462325-50e9-474a-8e8f-aced0cd89abd.jpg\" class=\"gallery-btn popup-image\">\n                <i class=\"far fa-plus\"><\/i>\n            <\/a>\n        <\/div>\n    <\/div>\t\t\t\t\t\t\t\t\t<\/div>\n\t\t\t\t\t\t\t<div  class=\"col-xl-3 col-md-6 col-sm-12 filter-item\">\n\t\t\t\t\t\t\t\t\t\t\t<div class=\"gallery-style1 \">\n            <div class=\"gallery-img\">\n            <img decoding=\"async\" src=\"https:\/\/beyazkuguanaokulu.k12.tr\/wp-content\/uploads\/2025\/06\/47f19a1b-8774-4d3c-a909-302d3b33ca80.jpg\" alt=\"gallery\"  \/>            <a href=\"https:\/\/beyazkuguanaokulu.k12.tr\/wp-content\/uploads\/2025\/06\/47f19a1b-8774-4d3c-a909-302d3b33ca80.jpg\" class=\"gallery-btn popup-image\">\n                <i class=\"far fa-plus\"><\/i>\n            <\/a>\n        <\/div>\n    <\/div>\t\t\t\t\t\t\t\t\t<\/div>\n\t\t\t\t\t\t\t<div  class=\"col-xl-3 col-md-6 col-sm-12 filter-item\">\n\t\t\t\t\t\t\t\t\t\t\t<div class=\"gallery-style1 \">\n            <div class=\"gallery-img\">\n            <img decoding=\"async\" src=\"https:\/\/beyazkuguanaokulu.k12.tr\/wp-content\/uploads\/2025\/05\/3.jpg\" alt=\"gallery\"  \/>            <a href=\"https:\/\/beyazkuguanaokulu.k12.tr\/wp-content\/uploads\/2025\/05\/3.jpg\" class=\"gallery-btn popup-image\">\n                <i class=\"far fa-plus\"><\/i>\n            <\/a>\n        <\/div>\n    <\/div>\t\t\t\t\t\t\t\t\t<\/div>\n\t\t\t\t\t\t\t<div  class=\"col-xl-3 col-md-6 col-sm-12 filter-item\">\n\t\t\t\t\t\t\t\t\t\t\t<div class=\"gallery-style1 \">\n            <div class=\"gallery-img\">\n            <img decoding=\"async\" src=\"https:\/\/beyazkuguanaokulu.k12.tr\/wp-content\/uploads\/2025\/05\/485c41f6-eaa1-44b9-9a94-1054934f93a9.jpg\" alt=\"gallery\"  \/>            <a href=\"https:\/\/beyazkuguanaokulu.k12.tr\/wp-content\/uploads\/2025\/05\/485c41f6-eaa1-44b9-9a94-1054934f93a9.jpg\" class=\"gallery-btn popup-image\">\n                <i class=\"far fa-plus\"><\/i>\n            <\/a>\n        <\/div>\n    <\/div>\t\t\t\t\t\t\t\t\t<\/div>\n\t\t\t\t\t\t\t<div  class=\"col-xl-3 col-md-6 col-sm-12 filter-item\">\n\t\t\t\t\t\t\t\t\t\t\t<div class=\"gallery-style1 \">\n            <div class=\"gallery-img\">\n            <img decoding=\"async\" src=\"https:\/\/beyazkuguanaokulu.k12.tr\/wp-content\/uploads\/2025\/05\/5.jpg\" alt=\"gallery\"  \/>            <a href=\"https:\/\/beyazkuguanaokulu.k12.tr\/wp-content\/uploads\/2025\/05\/5.jpg\" class=\"gallery-btn popup-image\">\n                <i class=\"far fa-plus\"><\/i>\n            <\/a>\n        <\/div>\n    <\/div>\t\t\t\t\t\t\t\t\t<\/div>\n\t\t\t\t\t<\/div>\n\t\t\t\t\t\t<\/div>\n\t\t\t\t<\/div>\n\t\t\t\t<\/div>\n\t\t<div class=\"elementor-element elementor-element-dc77a05 e-con-full e-flex e-con e-child\" data-id=\"dc77a05\" data-element_type=\"container\">\n\t\t\t\t<div class=\"elementor-element elementor-element-1b6c970 elementor-widget elementor-widget-kiddinomasonrygallery\" data-id=\"1b6c970\" data-element_type=\"widget\" data-settings=\"{&quot;per_line&quot;:&quot;3&quot;,&quot;per_line_tablet&quot;:&quot;6&quot;,&quot;per_line_mobile&quot;:&quot;12&quot;,&quot;gride_gap&quot;:&quot;gx-40&quot;}\" data-widget_type=\"kiddinomasonrygallery.default\">\n\t\t\t\t<div class=\"elementor-widget-container\">\n\t\t\t\t\t\t\t<div class=\"row gallery-carousel gx-40\" data-slide-to-show=\"3\" data-slider-speed=\"2000\" data-slick-autoplay=\"true\">\n\t\t\t\t\t\t\t<div  class=\"col-xl-3 col-md-6 col-sm-12 filter-item\">\n\t\t\t\t\t\t\t\t\t\t\t<div class=\"gallery-style1 \">\n            <div class=\"gallery-img\">\n            <img decoding=\"async\" src=\"https:\/\/beyazkuguanaokulu.k12.tr\/wp-content\/uploads\/2025\/06\/image00061.jpg\" alt=\"gallery\"  \/>            <a href=\"https:\/\/beyazkuguanaokulu.k12.tr\/wp-content\/uploads\/2025\/06\/image00061.jpg\" class=\"gallery-btn popup-image\">\n                <i class=\"far fa-plus\"><\/i>\n            <\/a>\n        <\/div>\n    <\/div>\t\t\t\t\t\t\t\t\t<\/div>\n\t\t\t\t\t\t\t<div  class=\"col-xl-3 col-md-6 col-sm-12 filter-item\">\n\t\t\t\t\t\t\t\t\t\t\t<div class=\"gallery-style1 \">\n            <div class=\"gallery-img\">\n            <img decoding=\"async\" src=\"https:\/\/beyazkuguanaokulu.k12.tr\/wp-content\/uploads\/2025\/06\/image00123.jpg\" alt=\"gallery\"  \/>            <a href=\"https:\/\/beyazkuguanaokulu.k12.tr\/wp-content\/uploads\/2025\/06\/image00123.jpg\" class=\"gallery-btn popup-image\">\n                <i class=\"far fa-plus\"><\/i>\n            <\/a>\n        <\/div>\n    <\/div>\t\t\t\t\t\t\t\t\t<\/div>\n\t\t\t\t\t\t\t<div  class=\"col-xl-3 col-md-6 col-sm-12 filter-item\">\n\t\t\t\t\t\t\t\t\t\t\t<div class=\"gallery-style1 \">\n            <div class=\"gallery-img\">\n            <img decoding=\"async\" src=\"https:\/\/beyazkuguanaokulu.k12.tr\/wp-content\/uploads\/2025\/06\/image01808.jpeg\" alt=\"gallery\"  \/>            <a href=\"https:\/\/beyazkuguanaokulu.k12.tr\/wp-content\/uploads\/2025\/06\/image01808.jpeg\" class=\"gallery-btn popup-image\">\n                <i class=\"far fa-plus\"><\/i>\n            <\/a>\n        <\/div>\n    <\/div>\t\t\t\t\t\t\t\t\t<\/div>\n\t\t\t\t\t\t\t<div  class=\"col-xl-3 col-md-6 col-sm-12 filter-item\">\n\t\t\t\t\t\t\t\t\t\t\t<div class=\"gallery-style1 \">\n            <div class=\"gallery-img\">\n            <img decoding=\"async\" src=\"https:\/\/beyazkuguanaokulu.k12.tr\/wp-content\/uploads\/2025\/06\/image01818.jpeg\" alt=\"gallery\"  \/>            <a href=\"https:\/\/beyazkuguanaokulu.k12.tr\/wp-content\/uploads\/2025\/06\/image01818.jpeg\" class=\"gallery-btn popup-image\">\n                <i class=\"far fa-plus\"><\/i>\n            <\/a>\n        <\/div>\n    <\/div>\t\t\t\t\t\t\t\t\t<\/div>\n\t\t\t\t\t\t\t<div  class=\"col-xl-3 col-md-6 col-sm-12 filter-item\">\n\t\t\t\t\t\t\t\t\t\t\t<div class=\"gallery-style1 \">\n            <div class=\"gallery-img\">\n            <img decoding=\"async\" src=\"https:\/\/beyazkuguanaokulu.k12.tr\/wp-content\/uploads\/2025\/06\/image00125.jpg\" alt=\"gallery\"  \/>            <a href=\"https:\/\/beyazkuguanaokulu.k12.tr\/wp-content\/uploads\/2025\/06\/image00125.jpg\" class=\"gallery-btn popup-image\">\n                <i class=\"far fa-plus\"><\/i>\n            <\/a>\n        <\/div>\n    <\/div>\t\t\t\t\t\t\t\t\t<\/div>\n\t\t\t\t\t<\/div>\n\t\t\t\t\t\t<\/div>\n\t\t\t\t<\/div>\n\t\t\t\t<\/div>\n\t\t\t\t\t<\/div>\n\t\t\t\t<\/div>\n\t\t\t\t<\/div>\n\t\t","protected":false},"excerpt":{"rendered":"<p>Her G\u00fcn, Her An \u0130ngilizceyle \u0130\u00e7 \u0130\u00e7e Okulumuzda \u0130ngilizce e\u011fitimi, \u00f6\u011frencilerimizin erken ya\u015fta do\u011fal bir \u00f6\u011frenme s\u00fcreciyle dil becerilerini geli\u015ftirmelerini sa\u011flamak amac\u0131yla her g\u00fcn aktif olarak uygulanmaktad\u0131r. Dil e\u011fitimi, yaln\u0131zca akademik kazan\u0131mlara y\u00f6nelik de\u011fil, ayn\u0131 zamanda \u00f6\u011frencilerimizin ileti\u015fim becerilerini g\u00fc\u00e7lendiren, g\u00fcnl\u00fck ya\u015fant\u0131ya entegre edilen etkile\u015fimli ve e\u011flenceli bir s\u00fcre\u00e7 olarak ele al\u0131nmaktad\u0131r. \u0130ngilizceyi Ke\u015ffederken G\u00fc\u00e7lenen&#8230;<\/p>\n","protected":false},"author":1,"featured_media":0,"parent":0,"menu_order":0,"comment_status":"closed","ping_status":"closed","template":"","meta":{"footnotes":""},"class_list":["post-5686","page","type-page","status-publish","hentry"],"_links":{"self":[{"href":"https:\/\/beyazkuguanaokulu.k12.tr\/index.php\/wp-json\/wp\/v2\/pages\/5686","targetHints":{"allow":["GET"]}}],"collection":[{"href":"https:\/\/beyazkuguanaokulu.k12.tr\/index.php\/wp-json\/wp\/v2\/pages"}],"about":[{"href":"https:\/\/beyazkuguanaokulu.k12.tr\/index.php\/wp-json\/wp\/v2\/types\/page"}],"author":[{"embeddable":true,"href":"https:\/\/beyazkuguanaokulu.k12.tr\/index.php\/wp-json\/wp\/v2\/users\/1"}],"replies":[{"embeddable":true,"href":"https:\/\/beyazkuguanaokulu.k12.tr\/index.php\/wp-json\/wp\/v2\/comments?post=5686"}],"version-history":[{"count":10,"href":"https:\/\/beyazkuguanaokulu.k12.tr\/index.php\/wp-json\/wp\/v2\/pages\/5686\/revisions"}],"predecessor-version":[{"id":5931,"href":"https:\/\/beyazkuguanaokulu.k12.tr\/index.php\/wp-json\/wp\/v2\/pages\/5686\/revisions\/5931"}],"wp:attachment":[{"href":"https:\/\/beyazkuguanaokulu.k12.tr\/index.php\/wp-json\/wp\/v2\/media?parent=5686"}],"curies":[{"name":"wp","href":"https:\/\/api.w.org\/{rel}","templated":true}]}}