{"id":5597,"date":"2025-05-29T23:13:38","date_gmt":"2025-05-29T23:13:38","guid":{"rendered":"http:\/\/localhost\/beyaz_kugu_1\/?page_id=5597"},"modified":"2025-07-14T07:01:56","modified_gmt":"2025-07-14T07:01:56","slug":"vizyonumuz-ve-misyonumuz","status":"publish","type":"page","link":"https:\/\/beyazkuguanaokulu.k12.tr\/index.php\/vizyonumuz-ve-misyonumuz\/","title":{"rendered":"Vizyonumuz ve Misyonumuz"},"content":{"rendered":"\t\t<div data-elementor-type=\"wp-page\" data-elementor-id=\"5597\" class=\"elementor elementor-5597\">\n\t\t\t\t<div class=\"elementor-element elementor-element-767e395 e-flex e-con-boxed e-con e-parent\" data-id=\"767e395\" data-element_type=\"container\">\n\t\t\t\t\t<div class=\"e-con-inner\">\n\t\t\t\t<div class=\"elementor-element elementor-element-0ddfbad elementor-widget__width-initial elementor-widget-mobile__width-initial elementor-widget elementor-widget-kiddinoimagebox\" data-id=\"0ddfbad\" data-element_type=\"widget\" data-widget_type=\"kiddinoimagebox.default\">\n\t\t\t\t<div class=\"elementor-widget-container\">\n\t\t\t\t\t\t\t<div class=\"img-box4 imagebox-wraper \">\r\n\t\t\t    <div class=\"img-1 mega-hover\">\n        <img decoding=\"async\" src=\"https:\/\/beyazkuguanaokulu.k12.tr\/wp-content\/uploads\/2025\/05\/image00136-Duzenlendi-scaled.jpg\" alt=\"about\"  \/>            <\/div>\n\t\t<\/div>\r\n\t\t\t\t\t<\/div>\n\t\t\t\t<\/div>\n\t\t\t\t<div class=\"elementor-element elementor-element-0b1ba21 elementor-widget__width-initial elementor-widget-mobile__width-initial elementor-widget elementor-widget-text-editor\" data-id=\"0b1ba21\" data-element_type=\"widget\" data-widget_type=\"text-editor.default\">\n\t\t\t\t<div class=\"elementor-widget-container\">\n\t\t\t\t\t\t\t\t\t<h2>Do\u011fayla \u0130\u00e7 \u0130\u00e7e, Ekrans\u0131z ve \u0130lham Veren Bir E\u011fitim<\/h2><p>\u00c7ocuklar\u0131m\u0131z\u0131n sorgulama, ke\u015ffetme ve \u00f6\u011frenme s\u00fcre\u00e7lerini do\u011fal yollarla destekliyor; Reggio Emilia, Montessori, High Scope ve Waldorf yakla\u015f\u0131mlar\u0131n\u0131 harmanlayarak bireysel potansiyellerini en \u00fcst d\u00fczeye \u00e7\u0131karmay\u0131 ama\u00e7l\u0131yoruz.<\/p>\t\t\t\t\t\t\t\t<\/div>\n\t\t\t\t<\/div>\n\t\t\t\t\t<\/div>\n\t\t\t\t<\/div>\n\t\t<div class=\"elementor-element elementor-element-5da8476 e-flex e-con-boxed e-con e-parent\" data-id=\"5da8476\" data-element_type=\"container\">\n\t\t\t\t\t<div class=\"e-con-inner\">\n\t\t\t\t<div class=\"elementor-element elementor-element-b67b2b1 elementor-widget elementor-widget-kiddinoimagebox\" data-id=\"b67b2b1\" data-element_type=\"widget\" data-widget_type=\"kiddinoimagebox.default\">\n\t\t\t\t<div class=\"elementor-widget-container\">\n\t\t\t\t\t\t\t<div class=\"img-box4 imagebox-wraper \">\r\n\t\t\t    <div class=\"img-1 mega-hover\">\n        <img decoding=\"async\" src=\"https:\/\/beyazkuguanaokulu.k12.tr\/wp-content\/uploads\/2025\/06\/6995301d-633d-4f1b-940b-1833047534a9.jpg\" alt=\"about\"  \/>            <\/div>\n\t\t<\/div>\r\n\t\t\t\t\t<\/div>\n\t\t\t\t<\/div>\n\t\t\t\t<div class=\"elementor-element elementor-element-324d6cf elementor-widget elementor-widget-text-editor\" data-id=\"324d6cf\" data-element_type=\"widget\" data-widget_type=\"text-editor.default\">\n\t\t\t\t<div class=\"elementor-widget-container\">\n\t\t\t\t\t\t\t\t\t<h2>Vizyonumuz<\/h2><p>\u00d6\u011frencilerimizin ke\u015ffetme, sorgulama ve \u00f6\u011frenme s\u00fcre\u00e7lerini do\u011fal yollarla destekleyen, beyin dostu ve ekrans\u0131z bir e\u011fitim anlay\u0131\u015f\u0131 ile onlar\u0131 hayata en iyi \u015fekilde haz\u0131rlayan bir okul olmakt\u0131r. <br \/>Reggio Emilia, Montessori, High Scope ve Waldorf yakla\u015f\u0131mlar\u0131n\u0131 bilimsel temellerle harmanlayarak, her \u00f6\u011frencinin bireysel potansiyelini en \u00fcst d\u00fczeye \u00e7\u0131karmas\u0131na katk\u0131 sunmaktay\u0131z. Do\u011fa ile i\u00e7 i\u00e7e, \u00f6zg\u00fcrce ke\u015ffeden, problem \u00e7\u00f6zen, ba\u011f\u0131ms\u0131z d\u00fc\u015f\u00fcnebilen ve \u00e7evreye duyarl\u0131 bireyler yeti\u015ftirmek amac\u0131yla g\u00fcvenli, sevgi dolu ve ilham verici bir \u00f6\u011frenme ortam\u0131 olu\u015fturmaktay\u0131z.<\/p>\t\t\t\t\t\t\t\t<\/div>\n\t\t\t\t<\/div>\n\t\t\t\t\t<\/div>\n\t\t\t\t<\/div>\n\t\t<div class=\"elementor-element elementor-element-2272102 e-con-full e-flex e-con e-parent\" data-id=\"2272102\" data-element_type=\"container\">\n\t\t<div class=\"elementor-element elementor-element-d566928 e-con-full e-flex e-con e-child\" data-id=\"d566928\" data-element_type=\"container\">\n\t\t\t\t<div class=\"elementor-element elementor-element-0492a01 elementor-widget__width-initial elementor-widget elementor-widget-kiddinoimagebox\" data-id=\"0492a01\" data-element_type=\"widget\" data-widget_type=\"kiddinoimagebox.default\">\n\t\t\t\t<div class=\"elementor-widget-container\">\n\t\t\t\t\t\t\t<div class=\"img-box2 imagebox-wraper \">\r\n\t\t\t    <div class=\"transform-banner\">\n        <img decoding=\"async\" src=\"https:\/\/beyazkuguanaokulu.k12.tr\/wp-content\/uploads\/2025\/05\/b40b2f23-708a-4a88-b0fc-aef49f42c8d0.jpg\" alt=\"about\"  \/>    <\/div>\n<div class=\"vs-circle jump\"><\/div>\t\t<\/div>\r\n\t\t\t\t\t<\/div>\n\t\t\t\t<\/div>\n\t\t\t\t<\/div>\n\t\t<div class=\"elementor-element elementor-element-790ed08 e-con-full e-flex e-con e-child\" data-id=\"790ed08\" data-element_type=\"container\">\n\t\t<div class=\"elementor-element elementor-element-602e825 e-con-full e-flex e-con e-child\" data-id=\"602e825\" data-element_type=\"container\">\n\t\t\t\t<div class=\"elementor-element elementor-element-800969c elementor-widget__width-initial elementor-widget elementor-widget-kiddinosectiontitle\" data-id=\"800969c\" data-element_type=\"widget\" data-widget_type=\"kiddinosectiontitle.default\">\n\t\t\t\t<div class=\"elementor-widget-container\">\n\t\t\t\t\t<!-- Section Title --><div class=\"title-area\" ><h2 class=\"sec-title title-selector\">Misyonumuz<\/h2><p class=\"sec-text\">Her \u00c7ocu\u011fun Potansiyeline Yolculuk<\/p><\/div><!-- End Section Title -->\t\t\t\t<\/div>\n\t\t\t\t<\/div>\n\t\t\t\t<div class=\"elementor-element elementor-element-370dad3 elementor-widget elementor-widget-kiddinochecklist\" data-id=\"370dad3\" data-element_type=\"widget\" data-widget_type=\"kiddinochecklist.default\">\n\t\t\t\t<div class=\"elementor-widget-container\">\n\t\t\t\t\t            <div class=\"row justify-content-center justify-content-xl-start \">\n\t\t\t\t<div class=\"col-auto\">\n\t\t\t\t\t<div class=\"list-style1\">\n\t\t\t\t\t\t<ul class=\"list-unstyled\">\n\t\t\t\t\t\t\t\t\t\t\t\t\t\t\t<li>Her \u00f6\u011frencinin bireysel geli\u015fimini destekleyen, b\u00fct\u00fcnc\u00fcl ve bilim temelli bir e\u011fitim modeli sunmak,<\/li>\n\t\t\t\t\t\t\t\t\t\t\t\t\t\t\t<li>Motor, bili\u015fsel, duygusal ve sosyal geli\u015fimi g\u00f6z \u00f6n\u00fcnde bulundurarak \u00f6\u011frencileri \u00e7ok y\u00f6nl\u00fc yeti\u015ftirmek,<\/li>\n\t\t\t\t\t\t\t\t\t\t\t\t\t\t\t<li>Ekrans\u0131z, hareket temelli ve beyin dostu bir e\u011fitim anlay\u0131\u015f\u0131 ile do\u011fal \u00f6\u011frenme s\u00fcre\u00e7lerini desteklemek,<\/li>\n\t\t\t\t\t\t\t\t\t\t\t\t\t\t\t<li>Do\u011fa ile i\u00e7 i\u00e7e, s\u00fcrd\u00fcr\u00fclebilir bir e\u011fitim ortam\u0131 sa\u011flayarak \u00e7evre bilinci kazand\u0131rmak,<\/li>\n\t\t\t\t\t\t\t\t\t\t\t\t\t\t\t<li>Orman Okulu felsefesiyle a\u00e7\u0131k havada \u00f6\u011frenmeyi te\u015fvik ederek, \u00f6\u011frencilerin ba\u011f\u0131ms\u0131z ke\u015fif yapmalar\u0131na ve \u00f6zg\u00fcven kazanmalar\u0131na katk\u0131da bulunmak,<\/li>\n\t\t\t\t\t\t\t\t\t\t\t\t\t\t\t<li>Aile i\u015f birli\u011fini g\u00fc\u00e7lendirerek, veli at\u00f6lyeleri ve rehberlik \u00e7al\u0131\u015fmalar\u0131 ile ebeveynleri e\u011fitim s\u00fcrecine aktif olarak dahil etmek,<\/li>\n\t\t\t\t\t\t\t\t\t\t\t\t\t\t\t<li>\u00d6\u011fretmenlerimizin s\u00fcrekli geli\u015fimini destekleyerek, en g\u00fcncel e\u011fitim yakla\u015f\u0131mlar\u0131n\u0131 okulumuzda uygulamak,<\/li>\n\t\t\t\t\t\t\t\t\t\t\t\t\t\t\t<li>G\u00fcvenli ve sevgi dolu bir ortam sa\u011flayarak, \u00f6\u011frencilerimizin \u00f6\u011frenmeye olan i\u00e7sel motivasyonlar\u0131n\u0131 ve ya\u015fam boyu \u00f6\u011frenme becerilerini geli\u015ftirmelerine katk\u0131da bulunmak.<\/li>\n\t\t\t\t\t\t\t\t\t\t\t\t\t<\/ul>\n\t\t\t\t\t<\/div>\n\t\t\t\t<\/div>\n            <\/div>\n        \t\t\t\t<\/div>\n\t\t\t\t<\/div>\n\t\t\t\t<\/div>\n\t\t<div class=\"elementor-element elementor-element-0740e43 e-con-full e-flex e-con e-child\" data-id=\"0740e43\" data-element_type=\"container\">\n\t\t\t\t<div class=\"elementor-element elementor-element-a5d54c1 elementor-widget elementor-widget-text-editor\" data-id=\"a5d54c1\" data-element_type=\"widget\" data-widget_type=\"text-editor.default\">\n\t\t\t\t<div class=\"elementor-widget-container\">\n\t\t\t\t\t\t\t\t\t<p><span style=\"font-weight: 400;\">Bu do\u011frultuda, \u00f6\u011frencilerimizin \u00f6zg\u00fcvenli, yarat\u0131c\u0131, sorumluluk sahibi ve mutlu bireyler olarak yeti\u015fmesi en b\u00fcy\u00fck hedefimizdir.<\/span><\/p>\t\t\t\t\t\t\t\t<\/div>\n\t\t\t\t<\/div>\n\t\t\t\t<\/div>\n\t\t\t\t<\/div>\n\t\t\t\t<\/div>\n\t\t\t\t<\/div>\n\t\t","protected":false},"excerpt":{"rendered":"<p>Do\u011fayla \u0130\u00e7 \u0130\u00e7e, Ekrans\u0131z ve \u0130lham Veren Bir E\u011fitim \u00c7ocuklar\u0131m\u0131z\u0131n sorgulama, ke\u015ffetme ve \u00f6\u011frenme s\u00fcre\u00e7lerini do\u011fal yollarla destekliyor; Reggio Emilia, Montessori, High Scope ve Waldorf yakla\u015f\u0131mlar\u0131n\u0131 harmanlayarak bireysel potansiyellerini en \u00fcst d\u00fczeye \u00e7\u0131karmay\u0131 ama\u00e7l\u0131yoruz. Vizyonumuz \u00d6\u011frencilerimizin ke\u015ffetme, sorgulama ve \u00f6\u011frenme s\u00fcre\u00e7lerini do\u011fal yollarla destekleyen, beyin dostu ve ekrans\u0131z bir e\u011fitim anlay\u0131\u015f\u0131 ile onlar\u0131 hayata en&#8230;<\/p>\n","protected":false},"author":1,"featured_media":0,"parent":0,"menu_order":0,"comment_status":"closed","ping_status":"closed","template":"","meta":{"footnotes":""},"class_list":["post-5597","page","type-page","status-publish","hentry"],"_links":{"self":[{"href":"https:\/\/beyazkuguanaokulu.k12.tr\/index.php\/wp-json\/wp\/v2\/pages\/5597","targetHints":{"allow":["GET"]}}],"collection":[{"href":"https:\/\/beyazkuguanaokulu.k12.tr\/index.php\/wp-json\/wp\/v2\/pages"}],"about":[{"href":"https:\/\/beyazkuguanaokulu.k12.tr\/index.php\/wp-json\/wp\/v2\/types\/page"}],"author":[{"embeddable":true,"href":"https:\/\/beyazkuguanaokulu.k12.tr\/index.php\/wp-json\/wp\/v2\/users\/1"}],"replies":[{"embeddable":true,"href":"https:\/\/beyazkuguanaokulu.k12.tr\/index.php\/wp-json\/wp\/v2\/comments?post=5597"}],"version-history":[{"count":16,"href":"https:\/\/beyazkuguanaokulu.k12.tr\/index.php\/wp-json\/wp\/v2\/pages\/5597\/revisions"}],"predecessor-version":[{"id":6128,"href":"https:\/\/beyazkuguanaokulu.k12.tr\/index.php\/wp-json\/wp\/v2\/pages\/5597\/revisions\/6128"}],"wp:attachment":[{"href":"https:\/\/beyazkuguanaokulu.k12.tr\/index.php\/wp-json\/wp\/v2\/media?parent=5597"}],"curies":[{"name":"wp","href":"https:\/\/api.w.org\/{rel}","templated":true}]}}