{"id":5588,"date":"2025-05-29T19:34:30","date_gmt":"2025-05-29T19:34:30","guid":{"rendered":"http:\/\/localhost\/beyaz_kugu_1\/?page_id=5588"},"modified":"2025-07-18T10:30:12","modified_gmt":"2025-07-18T10:30:12","slug":"biz-kimiz","status":"publish","type":"page","link":"https:\/\/beyazkuguanaokulu.k12.tr\/index.php\/biz-kimiz\/","title":{"rendered":"Biz Kimiz?"},"content":{"rendered":"\t\t<div data-elementor-type=\"wp-page\" data-elementor-id=\"5588\" class=\"elementor elementor-5588\">\n\t\t\t\t<div class=\"elementor-element elementor-element-e4f9c37 e-flex e-con-boxed e-con e-parent\" data-id=\"e4f9c37\" data-element_type=\"container\">\n\t\t\t\t\t<div class=\"e-con-inner\">\n\t\t<div class=\"elementor-element elementor-element-db874da e-con-full e-flex e-con e-child\" data-id=\"db874da\" data-element_type=\"container\">\n\t\t\t\t<div class=\"elementor-element elementor-element-8e90017 elementor-widget__width-initial elementor-widget elementor-widget-kiddinoimagebox\" data-id=\"8e90017\" data-element_type=\"widget\" data-widget_type=\"kiddinoimagebox.default\">\n\t\t\t\t<div class=\"elementor-widget-container\">\n\t\t\t\t\t\t\t<div class=\"img-box4 imagebox-wraper \">\r\n\t\t\t    <div class=\"img-1 mega-hover\">\n        <img decoding=\"async\" src=\"https:\/\/beyazkuguanaokulu.k12.tr\/wp-content\/uploads\/2025\/05\/image00136-Duzenlendi-scaled.jpg\" alt=\"about\"  \/>            <\/div>\n\t\t<\/div>\r\n\t\t\t\t\t<\/div>\n\t\t\t\t<\/div>\n\t\t\t\t<\/div>\n\t\t<div class=\"elementor-element elementor-element-0bfd266 e-con-full e-flex e-con e-child\" data-id=\"0bfd266\" data-element_type=\"container\">\n\t\t\t\t<div class=\"elementor-element elementor-element-6fbf67e elementor-widget__width-initial elementor-widget elementor-widget-kiddinosectiontitle\" data-id=\"6fbf67e\" data-element_type=\"widget\" data-widget_type=\"kiddinosectiontitle.default\">\n\t\t\t\t<div class=\"elementor-widget-container\">\n\t\t\t\t\t<!-- Section Title --><div class=\"title-area\" ><span class=\"sec-subtitle\">g\u00fcvenli, mutlu ve sevgi dolu bir ortam<\/span><h2 class=\"sec-title title-selector\">Sevgiyle Ba\u015flayan E\u011fitim Yolculu\u011fu<\/h2><p class=\"sec-text\">Her biri alan\u0131nda uzman ve \u00e7ocuk geli\u015fimi konusunda e\u011fitimli kadromuzla, \u00e7ocuklar\u0131n bireysel \u00f6zelliklerine sayg\u0131 duyarak onlar\u0131 hayata haz\u0131rl\u0131yoruz.\n\n<\/p><\/div><!-- End Section Title -->\t\t\t\t<\/div>\n\t\t\t\t<\/div>\n\t\t\t\t<div class=\"elementor-element elementor-element-df7c002 elementor-widget elementor-widget-text-editor\" data-id=\"df7c002\" data-element_type=\"widget\" data-widget_type=\"text-editor.default\">\n\t\t\t\t<div class=\"elementor-widget-container\">\n\t\t\t\t\t\t\t\t\t<h4>&#8220;Erken \u00e7ocukluk d\u00f6nemi, \u00e7ocu\u011fun gelece\u011fini \u015fekillendiren en \u00f6nemli zamand\u0131r. Ona sevgiyle dokunulan her an, d\u00fcnyay\u0131 ke\u015ffetme cesareti verir.&#8221;<\/h4><p><span style=\"font-weight: 400;\">-Maria Montessori<\/span><\/p>\t\t\t\t\t\t\t\t<\/div>\n\t\t\t\t<\/div>\n\t\t\t\t<\/div>\n\t\t<div class=\"elementor-element elementor-element-0ebebbb e-con-full e-flex e-con e-child\" data-id=\"0ebebbb\" data-element_type=\"container\">\n\t\t\t\t<div class=\"elementor-element elementor-element-e5f3cf1 elementor-widget__width-initial elementor-widget-mobile__width-initial elementor-widget elementor-widget-kiddinoimagebox\" data-id=\"e5f3cf1\" data-element_type=\"widget\" data-widget_type=\"kiddinoimagebox.default\">\n\t\t\t\t<div class=\"elementor-widget-container\">\n\t\t\t\t\t\t\t<div class=\"img-box7 imagebox-wraper \">\r\n\t\t\t    <div class=\"mega-hover\">\n        <img decoding=\"async\" src=\"https:\/\/beyazkuguanaokulu.k12.tr\/wp-content\/uploads\/2025\/06\/image00079.jpg\" alt=\"teacher\"  class=\"w-100\" \/>    <\/div>\n\t\t<\/div>\r\n\t\t\t\t\t<\/div>\n\t\t\t\t<\/div>\n\t\t\t\t<\/div>\n\t\t<div class=\"elementor-element elementor-element-61899ac e-con-full e-flex e-con e-child\" data-id=\"61899ac\" data-element_type=\"container\">\n\t\t\t\t<div class=\"elementor-element elementor-element-5ab2d74 elementor-widget__width-initial elementor-widget elementor-widget-text-editor\" data-id=\"5ab2d74\" data-element_type=\"widget\" data-widget_type=\"text-editor.default\">\n\t\t\t\t<div class=\"elementor-widget-container\">\n\t\t\t\t\t\t\t\t\t<p>2008 y\u0131l\u0131ndan bu yana Milli E\u011fitim Bakanl\u0131\u011f\u0131\u2019na ba\u011fl\u0131 olarak faaliyet g\u00f6stermekte olan Beyaz Ku\u011fu Anaokulu, deneyimli ve alan\u0131nda uzman e\u011fitim kadrosuyla \u00f6\u011frencilerimizin bili\u015fsel, sosyal, duygusal ve motor geli\u015fimlerini b\u00fct\u00fcnc\u00fcl bir yakla\u015f\u0131mla desteklemektedir.<\/p><p>\u25c7\u25c7\u25c7<\/p><p>Montessori, Reggio Emilia, High Scope ve Waldorf gibi bilimsel temelli e\u011fitim yakla\u015f\u0131mlar\u0131n\u0131 harmanlayarak, \u00f6\u011frencilerimizin ke\u015ffetme, sorgulama ve \u00f6\u011frenme s\u00fcre\u00e7lerini desteklemekteyiz. Tamamen ekrans\u0131z, beyin dostu ve do\u011fayla i\u00e7 i\u00e7e bir e\u011fitim anlay\u0131\u015f\u0131n\u0131 benimseyerek, her \u00f6\u011frencimizin kendini g\u00fcvende, mutlu ve de\u011ferli hissetmesini sa\u011flamaktay\u0131z.<\/p><p>\u25c7\u25c7\u25c7<\/p><p>\u00d6\u011frencilerimizin do\u011fal meraklar\u0131n\u0131 besleyen, \u00f6zg\u00fcvenlerini geli\u015ftirmelerine imk\u00e2n tan\u0131yan ve bireysel potansiyellerini en \u00fcst seviyeye \u00e7\u0131karmalar\u0131n\u0131 ama\u00e7layan e\u011fitim program\u0131m\u0131z, sanat, bilim ve oyunla zenginle\u015ftirilmi\u015ftir. \u00d6\u011frencilerimizin hayal g\u00fcc\u00fcn\u00fc, problem \u00e7\u00f6zme becerilerini ve \u00e7evreye duyarl\u0131l\u0131klar\u0131n\u0131 art\u0131rmaya y\u00f6nelik uygulamalar ile gelece\u011fin \u00f6zg\u00fcvenli, yarat\u0131c\u0131 ve mutlu bireylerini yeti\u015ftirmeyi hedeflemekteyiz. Bilimsel temellere dayal\u0131 e\u011fitim anlay\u0131\u015f\u0131m\u0131z\u0131 kararl\u0131l\u0131kla s\u00fcrd\u00fcrerek, \u00f6\u011frencilerimizin ya\u015fam boyu \u00f6\u011frenme becerilerini desteklemekteyiz.<\/p>\t\t\t\t\t\t\t\t<\/div>\n\t\t\t\t<\/div>\n\t\t\t\t<\/div>\n\t\t\t\t\t<\/div>\n\t\t\t\t<\/div>\n\t\t<div class=\"elementor-element elementor-element-3c3e18b e-flex e-con-boxed e-con e-parent\" data-id=\"3c3e18b\" data-element_type=\"container\">\n\t\t\t\t\t<div class=\"e-con-inner\">\n\t\t<div class=\"elementor-element elementor-element-cf07b2e e-con-full e-flex e-con e-child\" data-id=\"cf07b2e\" data-element_type=\"container\">\n\t\t\t\t<div class=\"elementor-element elementor-element-d765ded elementor-widget elementor-widget-text-editor\" data-id=\"d765ded\" data-element_type=\"widget\" data-widget_type=\"text-editor.default\">\n\t\t\t\t<div class=\"elementor-widget-container\">\n\t\t\t\t\t\t\t\t\t<h1>Bizi Sosyal Medyadan Takip Edin!<\/h1>\t\t\t\t\t\t\t\t<\/div>\n\t\t\t\t<\/div>\n\t\t\t\t<\/div>\n\t\t<div class=\"elementor-element elementor-element-97094ac e-con-full e-flex e-con e-child\" data-id=\"97094ac\" data-element_type=\"container\">\n\t\t\t\t<div class=\"elementor-element elementor-element-f09495d elementor-widget elementor-widget-text-editor\" data-id=\"f09495d\" data-element_type=\"widget\" data-widget_type=\"text-editor.default\">\n\t\t\t\t<div class=\"elementor-widget-container\">\n\t\t\t\t\t\t\t\t\t<h2>Instagram Adresimiz<\/h2><h2><a href=\"https:\/\/www.instagram.com\/beyazkuguanaokulu\/\">@beyazkuguanaokulu<\/a><\/h2>\t\t\t\t\t\t\t\t<\/div>\n\t\t\t\t<\/div>\n\t\t\t\t<\/div>\n\t\t\t\t\t<\/div>\n\t\t\t\t<\/div>\n\t\t\t\t<\/div>\n\t\t","protected":false},"excerpt":{"rendered":"<p>g\u00fcvenli, mutlu ve sevgi dolu bir ortam Sevgiyle Ba\u015flayan E\u011fitim Yolculu\u011fu Her biri alan\u0131nda uzman ve \u00e7ocuk geli\u015fimi konusunda e\u011fitimli kadromuzla, \u00e7ocuklar\u0131n bireysel \u00f6zelliklerine sayg\u0131 duyarak onlar\u0131 hayata haz\u0131rl\u0131yoruz. &#8220;Erken \u00e7ocukluk d\u00f6nemi, \u00e7ocu\u011fun gelece\u011fini \u015fekillendiren en \u00f6nemli zamand\u0131r. Ona sevgiyle dokunulan her an, d\u00fcnyay\u0131 ke\u015ffetme cesareti verir.&#8221; -Maria Montessori 2008 y\u0131l\u0131ndan bu yana Milli E\u011fitim&#8230;<\/p>\n","protected":false},"author":1,"featured_media":0,"parent":0,"menu_order":0,"comment_status":"closed","ping_status":"closed","template":"","meta":{"footnotes":""},"class_list":["post-5588","page","type-page","status-publish","hentry"],"_links":{"self":[{"href":"https:\/\/beyazkuguanaokulu.k12.tr\/index.php\/wp-json\/wp\/v2\/pages\/5588","targetHints":{"allow":["GET"]}}],"collection":[{"href":"https:\/\/beyazkuguanaokulu.k12.tr\/index.php\/wp-json\/wp\/v2\/pages"}],"about":[{"href":"https:\/\/beyazkuguanaokulu.k12.tr\/index.php\/wp-json\/wp\/v2\/types\/page"}],"author":[{"embeddable":true,"href":"https:\/\/beyazkuguanaokulu.k12.tr\/index.php\/wp-json\/wp\/v2\/users\/1"}],"replies":[{"embeddable":true,"href":"https:\/\/beyazkuguanaokulu.k12.tr\/index.php\/wp-json\/wp\/v2\/comments?post=5588"}],"version-history":[{"count":31,"href":"https:\/\/beyazkuguanaokulu.k12.tr\/index.php\/wp-json\/wp\/v2\/pages\/5588\/revisions"}],"predecessor-version":[{"id":6207,"href":"https:\/\/beyazkuguanaokulu.k12.tr\/index.php\/wp-json\/wp\/v2\/pages\/5588\/revisions\/6207"}],"wp:attachment":[{"href":"https:\/\/beyazkuguanaokulu.k12.tr\/index.php\/wp-json\/wp\/v2\/media?parent=5588"}],"curies":[{"name":"wp","href":"https:\/\/api.w.org\/{rel}","templated":true}]}}